{"id":1911,"date":"2022-01-13T17:45:59","date_gmt":"2022-01-13T17:45:59","guid":{"rendered":"https:\/\/lovelettertomen.com\/communique-de-presse"},"modified":"2023-01-26T18:21:14","modified_gmt":"2023-01-26T18:21:14","slug":"communique-de-presse","status":"publish","type":"page","link":"https:\/\/lovelettertomen.com\/fr\/communique-de-presse","title":{"rendered":"Communiqu\u00e9 de presse"},"content":{"rendered":"\t\t<div data-elementor-type=\"wp-page\" data-elementor-id=\"1911\" class=\"elementor elementor-1911 elementor-110\" data-elementor-post-type=\"page\">\n\t\t\t\t\t\t<section class=\"elementor-section elementor-top-section elementor-element elementor-element-359d621 elementor-section-height-min-height elementor-section-boxed elementor-section-height-default elementor-section-items-middle\" data-id=\"359d621\" data-element_type=\"section\" data-e-type=\"section\" data-settings=\"{&quot;background_background&quot;:&quot;classic&quot;}\">\n\t\t\t\t\t\t<div class=\"elementor-container elementor-column-gap-default\">\n\t\t\t\t\t<div class=\"elementor-column elementor-col-100 elementor-top-column elementor-element elementor-element-619dbca\" data-id=\"619dbca\" data-element_type=\"column\" data-e-type=\"column\">\n\t\t\t<div class=\"elementor-widget-wrap elementor-element-populated\">\n\t\t\t\t\t\t<div class=\"elementor-element elementor-element-5bd669d elementor-widget elementor-widget-heading\" data-id=\"5bd669d\" data-element_type=\"widget\" data-e-type=\"widget\" data-widget_type=\"heading.default\">\n\t\t\t\t<div class=\"elementor-widget-container\">\n\t\t\t\t\t<h2 class=\"elementor-heading-title elementor-size-default\">Communiqu\u00e9 de presse<\/h2>\t\t\t\t<\/div>\n\t\t\t\t<\/div>\n\t\t\t\t\t<\/div>\n\t\t<\/div>\n\t\t\t\t\t<\/div>\n\t\t<\/section>\n\t\t\t\t<section class=\"elementor-section elementor-top-section elementor-element elementor-element-557196d elementor-section-boxed elementor-section-height-default elementor-section-height-default\" data-id=\"557196d\" data-element_type=\"section\" data-e-type=\"section\">\n\t\t\t\t\t\t<div class=\"elementor-container elementor-column-gap-default\">\n\t\t\t\t\t<div class=\"elementor-column elementor-col-100 elementor-top-column elementor-element elementor-element-9230bed\" data-id=\"9230bed\" data-element_type=\"column\" data-e-type=\"column\">\n\t\t\t<div class=\"elementor-widget-wrap elementor-element-populated\">\n\t\t\t\t\t\t<div class=\"elementor-element elementor-element-024f178 elementor-widget elementor-widget-text-editor\" data-id=\"024f178\" data-element_type=\"widget\" data-e-type=\"widget\" data-widget_type=\"text-editor.default\">\n\t\t\t\t<div class=\"elementor-widget-container\">\n\t\t\t\t\t\t\t\t\t<p>POUR PUBLICATION IMM\u00c9DIATE : 3 janvier 2022<br \/>Mike Cameron<br \/>780-903-4000<br \/>info@collaborative.men  <\/p>\n<p><b>Forum en ligne : Une lettre d&rsquo;amour aux hommes<\/b><\/p>\n<h2>\u00ab\u00a0Une c\u00e9l\u00e9bration du bien-\u00eatre mental des hommes\u00a0\u00bb<\/h2>\n<p>[<b>Edmonton, AB]<\/b>: Nous sommes heureux d&rsquo;annoncer le premier forum virtuel sur la sant\u00e9 des hommes, qui se tiendra du 7 au 10 f\u00e9vrier 2022. Chaque session quotidienne se d\u00e9roulera de 18 h 30 \u00e0 21 h et impliquera des pr\u00e9sentateurs individuels et des membres du panel qui aborderont une grande vari\u00e9t\u00e9 de sujets li\u00e9s \u00e0 la sant\u00e9 mentale et au bien-\u00eatre des hommes.<\/p>\n<p>Ce forum a \u00e9t\u00e9 cr\u00e9\u00e9 pour rassembler une communaut\u00e9 d&rsquo;hommes ainsi que ceux qui travaillent dans des domaines soutenant le bien-\u00eatre des hommes. Notre objectif est de r\u00e9unir des hommes de tous horizons pour discuter de l&rsquo;ensemble du spectre de la sant\u00e9 mentale et de son impact sur la soci\u00e9t\u00e9. Notre objectif est de fournir des ressources, de partager les meilleures pratiques et d&rsquo;inviter la communaut\u00e9 \u00e0 donner son avis sur les lacunes actuelles en mati\u00e8re de soutien \u00e0 la sant\u00e9 mentale et au bien-\u00eatre des hommes, ainsi que sur la mani\u00e8re dont ces lacunes pourraient \u00eatre combl\u00e9es.<\/p>\n<p>  \u00ab\u00a0Je suis tr\u00e8s heureux de voir cette collaboration se concr\u00e9tiser. Cet \u00e9v\u00e9nement permettra d&rsquo;adopter une approche fond\u00e9e sur les forces pour soutenir les hommes dans la communaut\u00e9 \u00ab\u00a0, a d\u00e9clar\u00e9 Lahn Jones, coordonnateur de projet \u00e0 Living Hope : A Community Plan to Prevent Suicide in Edmonton .  <\/p>\n<p>\u00ab\u00a0Bien que nous reconnaissions la position de privil\u00e8ge des hommes, il est \u00e9galement important de reconna\u00eetre les d\u00e9fis que les normes soci\u00e9tales posent aux hommes et \u00e0 leur sant\u00e9 mentale. Je suis ravi de participer \u00e0 l&rsquo;organisation de l&rsquo;\u00e9v\u00e9nement de cette ann\u00e9e.\u00a0\u00bb Mike Cameron, conf\u00e9rencier, coach ex\u00e9cutif et d\u00e9fenseur de la sant\u00e9 des hommes<\/p>\n<p>\u00ab\u00a0C&rsquo;est un privil\u00e8ge d&rsquo;\u00eatre expos\u00e9 \u00e0 la richesse des informations et des connaissances. Cependant, cela ne fait une diff\u00e9rence que si nous, en tant qu&rsquo;hommes, mettons ces informations et ces connaissances en pratique\u00a0\u00bb. Joseph Luri au Centre mennonite d&rsquo;Edmonton pour les nouveaux arrivants.  <\/p>\n<p>Ce forum virtuel est gratuit pour toutes les personnes inscrites et est soutenu par Living Hope. Pour de plus amples informations, veuillez consulter le site https:\/\/lovelettertomen.com.<\/p>\n<p><b>\u00c0 propos de Living Hope<\/b>:<br \/>Living Hope est la r\u00e9ponse collective de la communaut\u00e9 d&rsquo;Edmonton au suicide &#8211; le reflet de notre d\u00e9termination commune \u00e0 passer de l&rsquo;intention \u00e0 l&rsquo;action. Living Hope a \u00e9t\u00e9 d\u00e9velopp\u00e9 par un comit\u00e9 d&rsquo;organisations et de personnes d\u00e9vou\u00e9es qui croient que le suicide peut \u00eatre \u00e9vit\u00e9 dans notre ville.<\/p>\n<p><b>\u00c0 propos de The Alberta Men&rsquo;s Collaborative<\/b>:  <br \/>La nouvelle Alberta Men&rsquo;s Collaborative a \u00e9t\u00e9 cr\u00e9\u00e9e pour servir de plaque tournante pour tout ce qui concerne le bien-\u00eatre des hommes. Nous reconnaissons que de nombreuses initiatives, programmes et organisations finissent souvent par travailler de mani\u00e8re isol\u00e9e et notre objectif est de changer cela.<\/p>\n<p><b>Mission :<\/b> Explorer, consolider et promouvoir activement les meilleures pratiques et les pratiques prometteuses fond\u00e9es sur des donn\u00e9es probantes qui favorisent la sant\u00e9 et le bien-\u00eatre des personnes qui s&rsquo;identifient comme des hommes.<\/p>\n<p><b>Vision :<\/b> Notre vision est celle d&rsquo;un monde o\u00f9 ceux qui s&rsquo;identifient comme des hommes se sentent en s\u00e9curit\u00e9 pour int\u00e9grer des versions de la masculinit\u00e9 qui s&rsquo;appuient sur les forces des valeurs traditionnelles tout en permettant la pleine expression de toutes les parties d&rsquo;eux-m\u00eames.inaugural<\/p>\n\t\t\t\t\t\t\t\t<\/div>\n\t\t\t\t<\/div>\n\t\t\t\t\t<\/div>\n\t\t<\/div>\n\t\t\t\t\t<\/div>\n\t\t<\/section>\n\t\t\t\t<\/div>\n\t\t","protected":false},"excerpt":{"rendered":"<p>POUR PUBLICATION IMM\u00c9DIATE : 3 janvier 2022Mike Cameron780-903-4000info@collaborative.men Forum en ligne : Une lettre d&rsquo;amour aux hommes \u00ab\u00a0Une c\u00e9l\u00e9bration du bien-\u00eatre mental des hommes\u00a0\u00bb [Edmonton, AB]: Nous sommes heureux d&rsquo;annoncer le premier forum virtuel sur la sant\u00e9 des hommes, qui se tiendra du 7 au 10 f\u00e9vrier 2022. Chaque session quotidienne se d\u00e9roulera de 18 [&hellip;]<\/p>\n","protected":false},"author":1,"featured_media":0,"parent":0,"menu_order":0,"comment_status":"closed","ping_status":"closed","template":"","meta":{"_exactmetrics_skip_tracking":false,"_exactmetrics_sitenote_active":false,"_exactmetrics_sitenote_note":"","_exactmetrics_sitenote_category":0,"footnotes":""},"class_list":["post-1911","page","type-page","status-publish","hentry"],"_links":{"self":[{"href":"https:\/\/lovelettertomen.com\/fr\/wp-json\/wp\/v2\/pages\/1911","targetHints":{"allow":["GET"]}}],"collection":[{"href":"https:\/\/lovelettertomen.com\/fr\/wp-json\/wp\/v2\/pages"}],"about":[{"href":"https:\/\/lovelettertomen.com\/fr\/wp-json\/wp\/v2\/types\/page"}],"author":[{"embeddable":true,"href":"https:\/\/lovelettertomen.com\/fr\/wp-json\/wp\/v2\/users\/1"}],"replies":[{"embeddable":true,"href":"https:\/\/lovelettertomen.com\/fr\/wp-json\/wp\/v2\/comments?post=1911"}],"version-history":[{"count":1,"href":"https:\/\/lovelettertomen.com\/fr\/wp-json\/wp\/v2\/pages\/1911\/revisions"}],"predecessor-version":[{"id":1919,"href":"https:\/\/lovelettertomen.com\/fr\/wp-json\/wp\/v2\/pages\/1911\/revisions\/1919"}],"wp:attachment":[{"href":"https:\/\/lovelettertomen.com\/fr\/wp-json\/wp\/v2\/media?parent=1911"}],"curies":[{"name":"wp","href":"https:\/\/api.w.org\/{rel}","templated":true}]}}