{"id":1909,"date":"2022-09-19T16:04:37","date_gmt":"2022-09-19T16:04:37","guid":{"rendered":"https:\/\/lovelettertomen.com\/a-propos-de-lalberta-mens-collaborative"},"modified":"2023-01-26T18:21:14","modified_gmt":"2023-01-26T18:21:14","slug":"a-propos-de-lalberta-mens-collaborative","status":"publish","type":"page","link":"https:\/\/lovelettertomen.com\/fr\/a-propos-de-lalberta-mens-collaborative","title":{"rendered":"\u00c0 propos de l&rsquo;Alberta Men&rsquo;s Collaborative"},"content":{"rendered":"\t\t<div data-elementor-type=\"wp-page\" data-elementor-id=\"1909\" class=\"elementor elementor-1909 elementor-1267\" data-elementor-post-type=\"page\">\n\t\t\t\t\t\t<section class=\"elementor-section elementor-top-section elementor-element elementor-element-3f3d8b7 elementor-section-boxed elementor-section-height-default elementor-section-height-default\" data-id=\"3f3d8b7\" data-element_type=\"section\" data-e-type=\"section\">\n\t\t\t\t\t\t<div class=\"elementor-container elementor-column-gap-default\">\n\t\t\t\t\t<div class=\"elementor-column elementor-col-100 elementor-top-column elementor-element elementor-element-4cdce2b\" data-id=\"4cdce2b\" data-element_type=\"column\" data-e-type=\"column\">\n\t\t\t<div class=\"elementor-widget-wrap elementor-element-populated\">\n\t\t\t\t\t\t<div class=\"elementor-element elementor-element-974be63 elementor-widget elementor-widget-text-editor\" data-id=\"974be63\" data-element_type=\"widget\" data-e-type=\"widget\" data-widget_type=\"text-editor.default\">\n\t\t\t\t<div class=\"elementor-widget-container\">\n\t\t\t\t\t\t\t\t\t<p>L&rsquo;Alberta Men&rsquo;s Collaborative est n\u00e9e de la n\u00e9cessit\u00e9 pour les personnes travaillant dans le domaine du bien-\u00eatre des hommes de collaborer et de partager les meilleures pratiques. La sant\u00e9 mentale des hommes fait l&rsquo;objet d&rsquo;un travail remarquable. Malheureusement, une grande partie de ce travail se fait en vase clos. Nous avons l&rsquo;intention de changer cela.<\/p>\n\t\t\t\t\t\t\t\t<\/div>\n\t\t\t\t<\/div>\n\t\t\t\t\t<\/div>\n\t\t<\/div>\n\t\t\t\t\t<\/div>\n\t\t<\/section>\n\t\t\t\t<section class=\"elementor-section elementor-top-section elementor-element elementor-element-1c583795 elementor-section-content-middle elementor-section-full_width elementor-reverse-mobile elementor-section-height-default elementor-section-height-default\" data-id=\"1c583795\" data-element_type=\"section\" data-e-type=\"section\">\n\t\t\t\t\t\t<div class=\"elementor-container elementor-column-gap-no\">\n\t\t\t\t\t<div class=\"elementor-column elementor-col-50 elementor-top-column elementor-element elementor-element-3082ecc8\" data-id=\"3082ecc8\" data-element_type=\"column\" data-e-type=\"column\">\n\t\t\t<div class=\"elementor-widget-wrap elementor-element-populated\">\n\t\t\t\t\t\t<div class=\"elementor-element elementor-element-46ba00ab elementor-widget elementor-widget-image\" data-id=\"46ba00ab\" data-element_type=\"widget\" data-e-type=\"widget\" data-widget_type=\"image.default\">\n\t\t\t\t<div class=\"elementor-widget-container\">\n\t\t\t\t\t\t\t\t\t\t\t\t\t\t\t<img fetchpriority=\"high\" decoding=\"async\" width=\"800\" height=\"534\" src=\"https:\/\/lovelettertomen.com\/wp-content\/uploads\/2022\/09\/hands-together-1024x683.jpeg\" class=\"attachment-large size-large wp-image-1855\" alt=\"\" srcset=\"https:\/\/lovelettertomen.com\/wp-content\/uploads\/2022\/09\/hands-together-1024x683.jpeg 1024w, https:\/\/lovelettertomen.com\/wp-content\/uploads\/2022\/09\/hands-together-300x200.jpeg 300w, https:\/\/lovelettertomen.com\/wp-content\/uploads\/2022\/09\/hands-together-768x512.jpeg 768w, https:\/\/lovelettertomen.com\/wp-content\/uploads\/2022\/09\/hands-together-1536x1024.jpeg 1536w, https:\/\/lovelettertomen.com\/wp-content\/uploads\/2022\/09\/hands-together-2048x1365.jpeg 2048w\" sizes=\"(max-width: 800px) 100vw, 800px\" \/>\t\t\t\t\t\t\t\t\t\t\t\t\t\t\t<\/div>\n\t\t\t\t<\/div>\n\t\t\t\t\t<\/div>\n\t\t<\/div>\n\t\t\t\t<div class=\"elementor-column elementor-col-50 elementor-top-column elementor-element elementor-element-55077dbd\" data-id=\"55077dbd\" data-element_type=\"column\" data-e-type=\"column\">\n\t\t\t<div class=\"elementor-widget-wrap elementor-element-populated\">\n\t\t\t\t\t\t<div class=\"elementor-element elementor-element-7b81721c elementor-widget elementor-widget-heading\" data-id=\"7b81721c\" data-element_type=\"widget\" data-e-type=\"widget\" data-widget_type=\"heading.default\">\n\t\t\t\t<div class=\"elementor-widget-container\">\n\t\t\t\t\t<h1 class=\"elementor-heading-title elementor-size-default\">Notre mission<\/h1>\t\t\t\t<\/div>\n\t\t\t\t<\/div>\n\t\t\t\t<div class=\"elementor-element elementor-element-63e359cc elementor-widget elementor-widget-text-editor\" data-id=\"63e359cc\" data-element_type=\"widget\" data-e-type=\"widget\" data-widget_type=\"text-editor.default\">\n\t\t\t\t<div class=\"elementor-widget-container\">\n\t\t\t\t\t\t\t\t\t<p><span style=\"font-weight: 400;\">Explorer, consolider et promouvoir activement les meilleures pratiques et les pratiques prometteuses fond\u00e9es sur des donn\u00e9es probantes qui favorisent la sant\u00e9 et le bien-\u00eatre des personnes qui s&rsquo;identifient comme des hommes.<\/span><\/p>\n\t\t\t\t\t\t\t\t<\/div>\n\t\t\t\t<\/div>\n\t\t\t\t\t<\/div>\n\t\t<\/div>\n\t\t\t\t\t<\/div>\n\t\t<\/section>\n\t\t\t\t<section class=\"elementor-section elementor-top-section elementor-element elementor-element-9976fc9 elementor-section-content-middle elementor-section-full_width elementor-section-height-min-height elementor-section-items-stretch elementor-section-height-default\" data-id=\"9976fc9\" data-element_type=\"section\" data-e-type=\"section\">\n\t\t\t\t\t\t<div class=\"elementor-container elementor-column-gap-no\">\n\t\t\t\t\t<div class=\"elementor-column elementor-col-50 elementor-top-column elementor-element elementor-element-591b687\" data-id=\"591b687\" data-element_type=\"column\" data-e-type=\"column\">\n\t\t\t<div class=\"elementor-widget-wrap elementor-element-populated\">\n\t\t\t\t\t\t<div class=\"elementor-element elementor-element-45ac4573 elementor-widget elementor-widget-heading\" data-id=\"45ac4573\" data-element_type=\"widget\" data-e-type=\"widget\" data-widget_type=\"heading.default\">\n\t\t\t\t<div class=\"elementor-widget-container\">\n\t\t\t\t\t<h2 class=\"elementor-heading-title elementor-size-default\">Notre vision<\/h2>\t\t\t\t<\/div>\n\t\t\t\t<\/div>\n\t\t\t\t<div class=\"elementor-element elementor-element-67535b8c elementor-widget elementor-widget-text-editor\" data-id=\"67535b8c\" data-element_type=\"widget\" data-e-type=\"widget\" data-widget_type=\"text-editor.default\">\n\t\t\t\t<div class=\"elementor-widget-container\">\n\t\t\t\t\t\t\t\t\t<p><span style=\"font-weight: 400;\">Notre vision est celle d&rsquo;un monde o\u00f9 ceux qui s&rsquo;identifient comme des hommes se sentent en s\u00e9curit\u00e9 pour int\u00e9grer des versions de la masculinit\u00e9 qui s&rsquo;appuient sur les forces des valeurs traditionnelles tout en permettant une pleine expression de toutes les parties d&rsquo;eux-m\u00eames.<\/span><\/p>\n\t\t\t\t\t\t\t\t<\/div>\n\t\t\t\t<\/div>\n\t\t\t\t\t<\/div>\n\t\t<\/div>\n\t\t\t\t<div class=\"elementor-column elementor-col-50 elementor-top-column elementor-element elementor-element-5dd308ac\" data-id=\"5dd308ac\" data-element_type=\"column\" data-e-type=\"column\" data-settings=\"{&quot;background_background&quot;:&quot;classic&quot;}\">\n\t\t\t<div class=\"elementor-widget-wrap elementor-element-populated\">\n\t\t\t\t\t\t<div class=\"elementor-element elementor-element-6093b17 elementor-widget elementor-widget-image\" data-id=\"6093b17\" data-element_type=\"widget\" data-e-type=\"widget\" data-widget_type=\"image.default\">\n\t\t\t\t<div class=\"elementor-widget-container\">\n\t\t\t\t\t\t\t\t\t\t\t\t\t\t\t<img decoding=\"async\" width=\"683\" height=\"1024\" src=\"https:\/\/lovelettertomen.com\/wp-content\/uploads\/2022\/09\/vision-683x1024.jpeg\" class=\"attachment-large size-large wp-image-1854\" alt=\"\" srcset=\"https:\/\/lovelettertomen.com\/wp-content\/uploads\/2022\/09\/vision-683x1024.jpeg 683w, https:\/\/lovelettertomen.com\/wp-content\/uploads\/2022\/09\/vision-200x300.jpeg 200w, https:\/\/lovelettertomen.com\/wp-content\/uploads\/2022\/09\/vision-768x1152.jpeg 768w, https:\/\/lovelettertomen.com\/wp-content\/uploads\/2022\/09\/vision-1024x1536.jpeg 1024w, https:\/\/lovelettertomen.com\/wp-content\/uploads\/2022\/09\/vision-1365x2048.jpeg 1365w, https:\/\/lovelettertomen.com\/wp-content\/uploads\/2022\/09\/vision-scaled.jpeg 1707w\" sizes=\"(max-width: 683px) 100vw, 683px\" \/>\t\t\t\t\t\t\t\t\t\t\t\t\t\t\t<\/div>\n\t\t\t\t<\/div>\n\t\t\t\t\t<\/div>\n\t\t<\/div>\n\t\t\t\t\t<\/div>\n\t\t<\/section>\n\t\t\t\t<section class=\"elementor-section elementor-top-section elementor-element elementor-element-5de110df elementor-section-boxed elementor-section-height-default elementor-section-height-default\" data-id=\"5de110df\" data-element_type=\"section\" data-e-type=\"section\">\n\t\t\t\t\t\t<div class=\"elementor-container elementor-column-gap-no\">\n\t\t\t\t\t<div class=\"elementor-column elementor-col-100 elementor-top-column elementor-element elementor-element-49857dcc\" data-id=\"49857dcc\" data-element_type=\"column\" data-e-type=\"column\">\n\t\t\t<div class=\"elementor-widget-wrap elementor-element-populated\">\n\t\t\t\t\t\t<div class=\"elementor-element elementor-element-2695f14e elementor-widget elementor-widget-heading\" data-id=\"2695f14e\" data-element_type=\"widget\" data-e-type=\"widget\" data-widget_type=\"heading.default\">\n\t\t\t\t<div class=\"elementor-widget-container\">\n\t\t\t\t\t<h2 class=\"elementor-heading-title elementor-size-default\">Nos valeurs<\/h2>\t\t\t\t<\/div>\n\t\t\t\t<\/div>\n\t\t\t\t<section class=\"elementor-section elementor-inner-section elementor-element elementor-element-2aff7f12 elementor-section-boxed elementor-section-height-default elementor-section-height-default\" data-id=\"2aff7f12\" data-element_type=\"section\" data-e-type=\"section\">\n\t\t\t\t\t\t<div class=\"elementor-container elementor-column-gap-no\">\n\t\t\t\t\t<div class=\"elementor-column elementor-col-50 elementor-inner-column elementor-element elementor-element-41bc37b9\" data-id=\"41bc37b9\" data-element_type=\"column\" data-e-type=\"column\">\n\t\t\t<div class=\"elementor-widget-wrap elementor-element-populated\">\n\t\t\t\t\t\t<div class=\"elementor-element elementor-element-21cb95a1 elementor-widget elementor-widget-toggle\" data-id=\"21cb95a1\" data-element_type=\"widget\" data-e-type=\"widget\" data-widget_type=\"toggle.default\">\n\t\t\t\t<div class=\"elementor-widget-container\">\n\t\t\t\t\t\t\t<div class=\"elementor-toggle\">\n\t\t\t\t\t\t\t<div class=\"elementor-toggle-item\">\n\t\t\t\t\t<h4 id=\"elementor-tab-title-5661\" class=\"elementor-tab-title\" data-tab=\"1\" role=\"button\" aria-controls=\"elementor-tab-content-5661\" aria-expanded=\"false\">\n\t\t\t\t\t\t\t\t\t\t\t\t<span class=\"elementor-toggle-icon elementor-toggle-icon-right\" aria-hidden=\"true\">\n\t\t\t\t\t\t\t\t\t\t\t\t\t\t\t<span class=\"elementor-toggle-icon-closed\"><svg xmlns=\"http:\/\/www.w3.org\/2000\/svg\" id=\"a1e64e0c-4c41-4fca-8542-7a49c6092caa\" data-name=\"Layer 1\" width=\"16.9661\" height=\"16.9661\" viewBox=\"0 0 16.9661 16.9661\"><defs><style>.aed1427e-e5ff-4359-b373-334313c48315{fill:#1c2448;}<\/style><\/defs><path class=\"aed1427e-e5ff-4359-b373-334313c48315\" d=\"M8.8969,16.966V8.9071h8.0692V8.1012H8.8969V0H8.0693V8.1012H0v.8059H8.0693V16.966Z\" transform=\"translate(0 0.0001)\"><\/path><\/svg><\/span>\n\t\t\t\t\t\t\t\t<span class=\"elementor-toggle-icon-opened\"><svg xmlns=\"http:\/\/www.w3.org\/2000\/svg\" id=\"ef88faed-b140-41a0-9417-c1651f3bd4fc\" data-name=\"Layer 1\" width=\"13.785\" height=\"1.0074\" viewBox=\"0 0 13.785 1.0074\"><defs><style>.e3c7dd86-9752-467e-8574-885a4e9461bb{fill:#1c2448;}<\/style><\/defs><path class=\"e3c7dd86-9752-467e-8574-885a4e9461bb\" d=\"M13.785,1.0338V.0265H0V1.0338Z\" transform=\"translate(0 -0.0265)\"><\/path><\/svg><\/span>\n\t\t\t\t\t\t\t\t\t\t\t\t\t<\/span>\n\t\t\t\t\t\t\t\t\t\t\t\t<a class=\"elementor-toggle-title\" tabindex=\"0\">Empathie\/Compassion<\/a>\n\t\t\t\t\t<\/h4>\n\n\t\t\t\t\t<div id=\"elementor-tab-content-5661\" class=\"elementor-tab-content elementor-clearfix\" data-tab=\"1\" role=\"region\" aria-labelledby=\"elementor-tab-title-5661\"><p><span style=\"font-weight: 400;\">Aupr\u00e8s du <\/span><span style=\"font-weight: 400;\">Alberta Men&rsquo;s Collaborative<\/span><span style=\"font-weight: 400;\">La compassion est l&#8217;empathie en action. Nous accordons une grande importance \u00e0 l&rsquo;identification et \u00e0 la compr\u00e9hension des sentiments et des points de vue de toutes les communaut\u00e9s, et nous nous engageons \u00e0 collaborer pour faciliter un changement positif et sain.<\/span><\/p>\n<p><strong>D\u00e9claration d&rsquo;action : Marchez un kilom\u00e8tre&#8230;<\/strong><\/p>\n<\/div>\n\t\t\t\t<\/div>\n\t\t\t\t\t\t\t<div class=\"elementor-toggle-item\">\n\t\t\t\t\t<h4 id=\"elementor-tab-title-5662\" class=\"elementor-tab-title\" data-tab=\"2\" role=\"button\" aria-controls=\"elementor-tab-content-5662\" aria-expanded=\"false\">\n\t\t\t\t\t\t\t\t\t\t\t\t<span class=\"elementor-toggle-icon elementor-toggle-icon-right\" aria-hidden=\"true\">\n\t\t\t\t\t\t\t\t\t\t\t\t\t\t\t<span class=\"elementor-toggle-icon-closed\"><svg xmlns=\"http:\/\/www.w3.org\/2000\/svg\" id=\"a1e64e0c-4c41-4fca-8542-7a49c6092caa\" data-name=\"Layer 1\" width=\"16.9661\" height=\"16.9661\" viewBox=\"0 0 16.9661 16.9661\"><defs><style>.aed1427e-e5ff-4359-b373-334313c48315{fill:#1c2448;}<\/style><\/defs><path class=\"aed1427e-e5ff-4359-b373-334313c48315\" d=\"M8.8969,16.966V8.9071h8.0692V8.1012H8.8969V0H8.0693V8.1012H0v.8059H8.0693V16.966Z\" transform=\"translate(0 0.0001)\"><\/path><\/svg><\/span>\n\t\t\t\t\t\t\t\t<span class=\"elementor-toggle-icon-opened\"><svg xmlns=\"http:\/\/www.w3.org\/2000\/svg\" id=\"ef88faed-b140-41a0-9417-c1651f3bd4fc\" data-name=\"Layer 1\" width=\"13.785\" height=\"1.0074\" viewBox=\"0 0 13.785 1.0074\"><defs><style>.e3c7dd86-9752-467e-8574-885a4e9461bb{fill:#1c2448;}<\/style><\/defs><path class=\"e3c7dd86-9752-467e-8574-885a4e9461bb\" d=\"M13.785,1.0338V.0265H0V1.0338Z\" transform=\"translate(0 -0.0265)\"><\/path><\/svg><\/span>\n\t\t\t\t\t\t\t\t\t\t\t\t\t<\/span>\n\t\t\t\t\t\t\t\t\t\t\t\t<a class=\"elementor-toggle-title\" tabindex=\"0\">Collaboration<\/a>\n\t\t\t\t\t<\/h4>\n\n\t\t\t\t\t<div id=\"elementor-tab-content-5662\" class=\"elementor-tab-content elementor-clearfix\" data-tab=\"2\" role=\"region\" aria-labelledby=\"elementor-tab-title-5662\"><p><span style=\"font-weight: 400;\">Travailler avec toutes les communaut\u00e9s pour atteindre un objectif commun.<\/span><\/p>\n<p><strong>Mantra : Ensemble, nous grandissons<\/strong><\/p>\n<\/div>\n\t\t\t\t<\/div>\n\t\t\t\t\t\t\t<div class=\"elementor-toggle-item\">\n\t\t\t\t\t<h4 id=\"elementor-tab-title-5663\" class=\"elementor-tab-title\" data-tab=\"3\" role=\"button\" aria-controls=\"elementor-tab-content-5663\" aria-expanded=\"false\">\n\t\t\t\t\t\t\t\t\t\t\t\t<span class=\"elementor-toggle-icon elementor-toggle-icon-right\" aria-hidden=\"true\">\n\t\t\t\t\t\t\t\t\t\t\t\t\t\t\t<span class=\"elementor-toggle-icon-closed\"><svg xmlns=\"http:\/\/www.w3.org\/2000\/svg\" id=\"a1e64e0c-4c41-4fca-8542-7a49c6092caa\" data-name=\"Layer 1\" width=\"16.9661\" height=\"16.9661\" viewBox=\"0 0 16.9661 16.9661\"><defs><style>.aed1427e-e5ff-4359-b373-334313c48315{fill:#1c2448;}<\/style><\/defs><path class=\"aed1427e-e5ff-4359-b373-334313c48315\" d=\"M8.8969,16.966V8.9071h8.0692V8.1012H8.8969V0H8.0693V8.1012H0v.8059H8.0693V16.966Z\" transform=\"translate(0 0.0001)\"><\/path><\/svg><\/span>\n\t\t\t\t\t\t\t\t<span class=\"elementor-toggle-icon-opened\"><svg xmlns=\"http:\/\/www.w3.org\/2000\/svg\" id=\"ef88faed-b140-41a0-9417-c1651f3bd4fc\" data-name=\"Layer 1\" width=\"13.785\" height=\"1.0074\" viewBox=\"0 0 13.785 1.0074\"><defs><style>.e3c7dd86-9752-467e-8574-885a4e9461bb{fill:#1c2448;}<\/style><\/defs><path class=\"e3c7dd86-9752-467e-8574-885a4e9461bb\" d=\"M13.785,1.0338V.0265H0V1.0338Z\" transform=\"translate(0 -0.0265)\"><\/path><\/svg><\/span>\n\t\t\t\t\t\t\t\t\t\t\t\t\t<\/span>\n\t\t\t\t\t\t\t\t\t\t\t\t<a class=\"elementor-toggle-title\" tabindex=\"0\">Inclusivit\u00e9<\/a>\n\t\t\t\t\t<\/h4>\n\n\t\t\t\t\t<div id=\"elementor-tab-content-5663\" class=\"elementor-tab-content elementor-clearfix\" data-tab=\"3\" role=\"region\" aria-labelledby=\"elementor-tab-title-5663\"><p><span style=\"font-weight: 400;\">Nous reconnaissons et valorisons la diversit\u00e9 des personnes et le caract\u00e8re unique de l&rsquo;exp\u00e9rience humaine.<\/span><\/p>\n<p><strong>Mantra : Tout le monde \u00e0 table<\/strong><\/p>\n<\/div>\n\t\t\t\t<\/div>\n\t\t\t\t\t\t\t\t<\/div>\n\t\t\t\t\t\t<\/div>\n\t\t\t\t<\/div>\n\t\t\t\t\t<\/div>\n\t\t<\/div>\n\t\t\t\t<div class=\"elementor-column elementor-col-50 elementor-inner-column elementor-element elementor-element-33b8adc6\" data-id=\"33b8adc6\" data-element_type=\"column\" data-e-type=\"column\">\n\t\t\t<div class=\"elementor-widget-wrap elementor-element-populated\">\n\t\t\t\t\t\t<div class=\"elementor-element elementor-element-7c924c73 elementor-widget elementor-widget-toggle\" data-id=\"7c924c73\" data-element_type=\"widget\" data-e-type=\"widget\" data-widget_type=\"toggle.default\">\n\t\t\t\t<div class=\"elementor-widget-container\">\n\t\t\t\t\t\t\t<div class=\"elementor-toggle\">\n\t\t\t\t\t\t\t<div class=\"elementor-toggle-item\">\n\t\t\t\t\t<h4 id=\"elementor-tab-title-2081\" class=\"elementor-tab-title\" data-tab=\"1\" role=\"button\" aria-controls=\"elementor-tab-content-2081\" aria-expanded=\"false\">\n\t\t\t\t\t\t\t\t\t\t\t\t<span class=\"elementor-toggle-icon elementor-toggle-icon-right\" aria-hidden=\"true\">\n\t\t\t\t\t\t\t\t\t\t\t\t\t\t\t<span class=\"elementor-toggle-icon-closed\"><svg xmlns=\"http:\/\/www.w3.org\/2000\/svg\" id=\"a1e64e0c-4c41-4fca-8542-7a49c6092caa\" data-name=\"Layer 1\" width=\"16.9661\" height=\"16.9661\" viewBox=\"0 0 16.9661 16.9661\"><defs><style>.aed1427e-e5ff-4359-b373-334313c48315{fill:#1c2448;}<\/style><\/defs><path class=\"aed1427e-e5ff-4359-b373-334313c48315\" d=\"M8.8969,16.966V8.9071h8.0692V8.1012H8.8969V0H8.0693V8.1012H0v.8059H8.0693V16.966Z\" transform=\"translate(0 0.0001)\"><\/path><\/svg><\/span>\n\t\t\t\t\t\t\t\t<span class=\"elementor-toggle-icon-opened\"><svg xmlns=\"http:\/\/www.w3.org\/2000\/svg\" id=\"ef88faed-b140-41a0-9417-c1651f3bd4fc\" data-name=\"Layer 1\" width=\"13.785\" height=\"1.0074\" viewBox=\"0 0 13.785 1.0074\"><defs><style>.e3c7dd86-9752-467e-8574-885a4e9461bb{fill:#1c2448;}<\/style><\/defs><path class=\"e3c7dd86-9752-467e-8574-885a4e9461bb\" d=\"M13.785,1.0338V.0265H0V1.0338Z\" transform=\"translate(0 -0.0265)\"><\/path><\/svg><\/span>\n\t\t\t\t\t\t\t\t\t\t\t\t\t<\/span>\n\t\t\t\t\t\t\t\t\t\t\t\t<a class=\"elementor-toggle-title\" tabindex=\"0\">Vuln\u00e9rabilit\u00e9<\/a>\n\t\t\t\t\t<\/h4>\n\n\t\t\t\t\t<div id=\"elementor-tab-content-2081\" class=\"elementor-tab-content elementor-clearfix\" data-tab=\"1\" role=\"region\" aria-labelledby=\"elementor-tab-title-2081\"><p><span style=\"font-weight: 400;\">La vuln\u00e9rabilit\u00e9 est l&rsquo;exposition intentionnelle \u00e0 un risque per\u00e7u afin de d\u00e9velopper une connexion consciente.<\/span><span style=\"font-weight: 400;\">.<\/span><\/p>\n<p><strong>Mantra : La vuln\u00e9rabilit\u00e9, c&rsquo;est le courage<\/strong><\/p>\n<\/div>\n\t\t\t\t<\/div>\n\t\t\t\t\t\t\t<div class=\"elementor-toggle-item\">\n\t\t\t\t\t<h4 id=\"elementor-tab-title-2082\" class=\"elementor-tab-title\" data-tab=\"2\" role=\"button\" aria-controls=\"elementor-tab-content-2082\" aria-expanded=\"false\">\n\t\t\t\t\t\t\t\t\t\t\t\t<span class=\"elementor-toggle-icon elementor-toggle-icon-right\" aria-hidden=\"true\">\n\t\t\t\t\t\t\t\t\t\t\t\t\t\t\t<span class=\"elementor-toggle-icon-closed\"><svg xmlns=\"http:\/\/www.w3.org\/2000\/svg\" id=\"a1e64e0c-4c41-4fca-8542-7a49c6092caa\" data-name=\"Layer 1\" width=\"16.9661\" height=\"16.9661\" viewBox=\"0 0 16.9661 16.9661\"><defs><style>.aed1427e-e5ff-4359-b373-334313c48315{fill:#1c2448;}<\/style><\/defs><path class=\"aed1427e-e5ff-4359-b373-334313c48315\" d=\"M8.8969,16.966V8.9071h8.0692V8.1012H8.8969V0H8.0693V8.1012H0v.8059H8.0693V16.966Z\" transform=\"translate(0 0.0001)\"><\/path><\/svg><\/span>\n\t\t\t\t\t\t\t\t<span class=\"elementor-toggle-icon-opened\"><svg xmlns=\"http:\/\/www.w3.org\/2000\/svg\" id=\"ef88faed-b140-41a0-9417-c1651f3bd4fc\" data-name=\"Layer 1\" width=\"13.785\" height=\"1.0074\" viewBox=\"0 0 13.785 1.0074\"><defs><style>.e3c7dd86-9752-467e-8574-885a4e9461bb{fill:#1c2448;}<\/style><\/defs><path class=\"e3c7dd86-9752-467e-8574-885a4e9461bb\" d=\"M13.785,1.0338V.0265H0V1.0338Z\" transform=\"translate(0 -0.0265)\"><\/path><\/svg><\/span>\n\t\t\t\t\t\t\t\t\t\t\t\t\t<\/span>\n\t\t\t\t\t\t\t\t\t\t\t\t<a class=\"elementor-toggle-title\" tabindex=\"0\">Bas\u00e9 sur les points forts<\/a>\n\t\t\t\t\t<\/h4>\n\n\t\t\t\t\t<div id=\"elementor-tab-content-2082\" class=\"elementor-tab-content elementor-clearfix\" data-tab=\"2\" role=\"region\" aria-labelledby=\"elementor-tab-title-2082\"><p><span style=\"font-weight: 400;\">Une optique holistique qui met l&rsquo;accent sur la capacit\u00e9 de chacun \u00e0 \u00eatre un agent de changement gr\u00e2ce \u00e0 son ing\u00e9niosit\u00e9 interne.<\/span><\/p>\n<p><strong>Mantra : mieux reconstruire<\/strong><\/p>\n<\/div>\n\t\t\t\t<\/div>\n\t\t\t\t\t\t\t<div class=\"elementor-toggle-item\">\n\t\t\t\t\t<h4 id=\"elementor-tab-title-2083\" class=\"elementor-tab-title\" data-tab=\"3\" role=\"button\" aria-controls=\"elementor-tab-content-2083\" aria-expanded=\"false\">\n\t\t\t\t\t\t\t\t\t\t\t\t<span class=\"elementor-toggle-icon elementor-toggle-icon-right\" aria-hidden=\"true\">\n\t\t\t\t\t\t\t\t\t\t\t\t\t\t\t<span class=\"elementor-toggle-icon-closed\"><svg xmlns=\"http:\/\/www.w3.org\/2000\/svg\" id=\"a1e64e0c-4c41-4fca-8542-7a49c6092caa\" data-name=\"Layer 1\" width=\"16.9661\" height=\"16.9661\" viewBox=\"0 0 16.9661 16.9661\"><defs><style>.aed1427e-e5ff-4359-b373-334313c48315{fill:#1c2448;}<\/style><\/defs><path class=\"aed1427e-e5ff-4359-b373-334313c48315\" d=\"M8.8969,16.966V8.9071h8.0692V8.1012H8.8969V0H8.0693V8.1012H0v.8059H8.0693V16.966Z\" transform=\"translate(0 0.0001)\"><\/path><\/svg><\/span>\n\t\t\t\t\t\t\t\t<span class=\"elementor-toggle-icon-opened\"><svg xmlns=\"http:\/\/www.w3.org\/2000\/svg\" id=\"ef88faed-b140-41a0-9417-c1651f3bd4fc\" data-name=\"Layer 1\" width=\"13.785\" height=\"1.0074\" viewBox=\"0 0 13.785 1.0074\"><defs><style>.e3c7dd86-9752-467e-8574-885a4e9461bb{fill:#1c2448;}<\/style><\/defs><path class=\"e3c7dd86-9752-467e-8574-885a4e9461bb\" d=\"M13.785,1.0338V.0265H0V1.0338Z\" transform=\"translate(0 -0.0265)\"><\/path><\/svg><\/span>\n\t\t\t\t\t\t\t\t\t\t\t\t\t<\/span>\n\t\t\t\t\t\t\t\t\t\t\t\t<a class=\"elementor-toggle-title\" tabindex=\"0\">Respecter<\/a>\n\t\t\t\t\t<\/h4>\n\n\t\t\t\t\t<div id=\"elementor-tab-content-2083\" class=\"elementor-tab-content elementor-clearfix\" data-tab=\"3\" role=\"region\" aria-labelledby=\"elementor-tab-title-2083\"><p><span style=\"font-weight: 400;\">Nous valorisons le caract\u00e8re unique, l&rsquo;importance et la dignit\u00e9 inh\u00e9rente de chaque personne.<\/span><\/p>\n<\/div>\n\t\t\t\t<\/div>\n\t\t\t\t\t\t\t\t<\/div>\n\t\t\t\t\t\t<\/div>\n\t\t\t\t<\/div>\n\t\t\t\t\t<\/div>\n\t\t<\/div>\n\t\t\t\t\t<\/div>\n\t\t<\/section>\n\t\t\t\t<div class=\"elementor-element elementor-element-08f0000 elementor-widget elementor-widget-spacer\" data-id=\"08f0000\" data-element_type=\"widget\" data-e-type=\"widget\" data-widget_type=\"spacer.default\">\n\t\t\t\t<div class=\"elementor-widget-container\">\n\t\t\t\t\t\t\t<div class=\"elementor-spacer\">\n\t\t\t<div class=\"elementor-spacer-inner\"><\/div>\n\t\t<\/div>\n\t\t\t\t\t\t<\/div>\n\t\t\t\t<\/div>\n\t\t\t\t<div class=\"elementor-element elementor-element-f1be20e elementor-widget elementor-widget-image\" data-id=\"f1be20e\" data-element_type=\"widget\" data-e-type=\"widget\" data-widget_type=\"image.default\">\n\t\t\t\t<div class=\"elementor-widget-container\">\n\t\t\t\t\t\t\t\t\t\t\t\t\t\t\t\t<a href=\"https:\/\/lovelettertomen.com\/wp-content\/uploads\/2023\/01\/AMC-Values.jpg\" data-elementor-open-lightbox=\"yes\" data-elementor-lightbox-title=\"AMC Values\" data-e-action-hash=\"#elementor-action%3Aaction%3Dlightbox%26settings%3DeyJpZCI6MTg3NywidXJsIjoiaHR0cHM6XC9cL2xvdmVsZXR0ZXJ0b21lbi5jb21cL3dwLWNvbnRlbnRcL3VwbG9hZHNcLzIwMjNcLzAxXC9BTUMtVmFsdWVzLmpwZyJ9\">\n\t\t\t\t\t\t\t<img decoding=\"async\" width=\"800\" height=\"502\" src=\"https:\/\/lovelettertomen.com\/wp-content\/uploads\/2023\/01\/AMC-Values-1024x642.jpg\" class=\"attachment-large size-large wp-image-1877\" alt=\"\" srcset=\"https:\/\/lovelettertomen.com\/wp-content\/uploads\/2023\/01\/AMC-Values-1024x642.jpg 1024w, https:\/\/lovelettertomen.com\/wp-content\/uploads\/2023\/01\/AMC-Values-300x188.jpg 300w, https:\/\/lovelettertomen.com\/wp-content\/uploads\/2023\/01\/AMC-Values-768x481.jpg 768w, https:\/\/lovelettertomen.com\/wp-content\/uploads\/2023\/01\/AMC-Values-1536x963.jpg 1536w, https:\/\/lovelettertomen.com\/wp-content\/uploads\/2023\/01\/AMC-Values.jpg 1603w\" sizes=\"(max-width: 800px) 100vw, 800px\" \/>\t\t\t\t\t\t\t\t<\/a>\n\t\t\t\t\t\t\t\t\t\t\t\t\t\t\t<\/div>\n\t\t\t\t<\/div>\n\t\t\t\t\t<\/div>\n\t\t<\/div>\n\t\t\t\t\t<\/div>\n\t\t<\/section>\n\t\t\t\t<\/div>\n\t\t","protected":false},"excerpt":{"rendered":"<p>L&rsquo;Alberta Men&rsquo;s Collaborative est n\u00e9e de la n\u00e9cessit\u00e9 pour les personnes travaillant dans le domaine du bien-\u00eatre des hommes de collaborer et de partager les meilleures pratiques. La sant\u00e9 mentale des hommes fait l&rsquo;objet d&rsquo;un travail remarquable. Malheureusement, une grande partie de ce travail se fait en vase clos. Nous avons l&rsquo;intention de changer cela. [&hellip;]<\/p>\n","protected":false},"author":1,"featured_media":0,"parent":0,"menu_order":0,"comment_status":"closed","ping_status":"closed","template":"","meta":{"_exactmetrics_skip_tracking":false,"_exactmetrics_sitenote_active":false,"_exactmetrics_sitenote_note":"","_exactmetrics_sitenote_category":0,"footnotes":""},"class_list":["post-1909","page","type-page","status-publish","hentry"],"_links":{"self":[{"href":"https:\/\/lovelettertomen.com\/fr\/wp-json\/wp\/v2\/pages\/1909","targetHints":{"allow":["GET"]}}],"collection":[{"href":"https:\/\/lovelettertomen.com\/fr\/wp-json\/wp\/v2\/pages"}],"about":[{"href":"https:\/\/lovelettertomen.com\/fr\/wp-json\/wp\/v2\/types\/page"}],"author":[{"embeddable":true,"href":"https:\/\/lovelettertomen.com\/fr\/wp-json\/wp\/v2\/users\/1"}],"replies":[{"embeddable":true,"href":"https:\/\/lovelettertomen.com\/fr\/wp-json\/wp\/v2\/comments?post=1909"}],"version-history":[{"count":1,"href":"https:\/\/lovelettertomen.com\/fr\/wp-json\/wp\/v2\/pages\/1909\/revisions"}],"predecessor-version":[{"id":1922,"href":"https:\/\/lovelettertomen.com\/fr\/wp-json\/wp\/v2\/pages\/1909\/revisions\/1922"}],"wp:attachment":[{"href":"https:\/\/lovelettertomen.com\/fr\/wp-json\/wp\/v2\/media?parent=1909"}],"curies":[{"name":"wp","href":"https:\/\/api.w.org\/{rel}","templated":true}]}}