{"id":1908,"date":"2022-01-09T03:00:14","date_gmt":"2022-01-09T03:00:14","guid":{"rendered":"https:\/\/lovelettertomen.com\/page-daccueil-de-la-conference"},"modified":"2023-01-26T18:21:14","modified_gmt":"2023-01-26T18:21:14","slug":"page-daccueil-de-la-conference","status":"publish","type":"page","link":"https:\/\/lovelettertomen.com\/fr","title":{"rendered":"Page d&rsquo;accueil de la conf\u00e9rence"},"content":{"rendered":"\t\t<div data-elementor-type=\"wp-page\" data-elementor-id=\"1908\" class=\"elementor elementor-1908 elementor-7\" data-elementor-post-type=\"page\">\n\t\t\t\t\t\t<section class=\"elementor-section elementor-top-section elementor-element elementor-element-d16008c elementor-section-boxed elementor-section-height-default elementor-section-height-default\" data-id=\"d16008c\" data-element_type=\"section\" data-e-type=\"section\">\n\t\t\t\t\t\t<div class=\"elementor-container elementor-column-gap-default\">\n\t\t\t\t\t<div class=\"elementor-column elementor-col-100 elementor-top-column elementor-element elementor-element-c8867a0\" data-id=\"c8867a0\" data-element_type=\"column\" data-e-type=\"column\">\n\t\t\t<div class=\"elementor-widget-wrap elementor-element-populated\">\n\t\t\t\t\t\t<div class=\"elementor-element elementor-element-b4f0e88 elementor--h-position-center elementor--v-position-middle elementor-pagination-position-inside elementor-widget elementor-widget-slides\" data-id=\"b4f0e88\" data-element_type=\"widget\" data-e-type=\"widget\" data-settings=\"{&quot;navigation&quot;:&quot;dots&quot;,&quot;transition&quot;:&quot;fade&quot;,&quot;autoplay&quot;:&quot;yes&quot;,&quot;pause_on_hover&quot;:&quot;yes&quot;,&quot;pause_on_interaction&quot;:&quot;yes&quot;,&quot;autoplay_speed&quot;:5000,&quot;infinite&quot;:&quot;yes&quot;,&quot;transition_speed&quot;:500}\" data-widget_type=\"slides.default\">\n\t\t\t\t<div class=\"elementor-widget-container\">\n\t\t\t\t\t\t\t\t\t<div class=\"elementor-swiper\">\n\t\t\t\t\t<div class=\"elementor-slides-wrapper elementor-main-swiper swiper\" role=\"region\" aria-roledescription=\"carousel\" aria-label=\"Diapositives\" dir=\"ltr\" data-animation=\"fadeInUp\">\n\t\t\t\t<div class=\"swiper-wrapper elementor-slides\">\n\t\t\t\t\t\t\t\t\t\t<div class=\"elementor-repeater-item-84ae7e8 swiper-slide\" role=\"group\" aria-roledescription=\"slide\"><div class=\"swiper-slide-bg\" role=\"img\" aria-label=\"Website-Header-1\"><\/div><div class=\"swiper-slide-inner\" ><div class=\"swiper-slide-contents\"><div class=\"elementor-slide-heading\">Un rassemblement d'hommes dans toute leur diversit\u00e9<\/div><div class=\"elementor-slide-description\"><p>le 2e Forum annuel sur la sant\u00e9 mentale des hommes aura lieu les 15, 16 et 17 f\u00e9vrier.<\/p>\n<\/div><\/div><\/div><\/div><div class=\"elementor-repeater-item-e098a8d swiper-slide\" role=\"group\" aria-roledescription=\"slide\"><div class=\"swiper-slide-bg\" role=\"img\" aria-label=\"depressed man Absent-minded stand edge the window .dramatic con\"><\/div><div class=\"elementor-background-overlay\"><\/div><div class=\"swiper-slide-inner\" ><div class=\"swiper-slide-contents\"><div class=\"elementor-slide-heading\">Vous n'\u00eates pas seul<\/div><div class=\"elementor-slide-description\"><p>Histoires de r\u00e9silience<\/p>\n<\/div><\/div><\/div><\/div><div class=\"elementor-repeater-item-6002780 swiper-slide\" role=\"group\" aria-roledescription=\"slide\"><div class=\"swiper-slide-bg\" role=\"img\" aria-label=\"Website-Header-2\"><\/div><div class=\"swiper-slide-inner\" ><div class=\"swiper-slide-contents\"><div class=\"elementor-slide-heading\">Une c\u00e9l\u00e9bration du bien-\u00eatre mental des hommes<\/div><div class=\"elementor-slide-description\"><p>le premier forum virtuel sur la sant\u00e9 des hommes, du 15 au 17 f\u00e9vrier.<\/p>\n<\/div><\/div><\/div><\/div><div class=\"elementor-repeater-item-c4a14a0 swiper-slide\" role=\"group\" aria-roledescription=\"slide\"><div class=\"swiper-slide-bg\" role=\"img\" aria-label=\"Portrait of young latino man sitting in the bright room\"><\/div><div class=\"swiper-slide-inner\" ><div class=\"swiper-slide-contents\"><div class=\"elementor-slide-heading\">Un rassemblement d'hommes dans toute leur diversit\u00e9<\/div><div class=\"elementor-slide-description\"><p>Rejoignez-nous du 15 au 17 f\u00e9vrier 2023<\/p>\n<\/div><\/div><\/div><\/div>\t\t\t\t<\/div>\n\t\t\t\t\t\t\t\t\t\t\t\t\t\t\t\t\t\t\t\t<div class=\"swiper-pagination\"><\/div>\n\t\t\t\t\t\t\t\t\t\t\t\t<\/div>\n\t\t\t\t<\/div>\n\t\t\t\t\t\t\t\t<\/div>\n\t\t\t\t<\/div>\n\t\t\t\t\t<\/div>\n\t\t<\/div>\n\t\t\t\t\t<\/div>\n\t\t<\/section>\n\t\t\t\t<section class=\"elementor-section elementor-top-section elementor-element elementor-element-6e82d4e elementor-section-boxed elementor-section-height-default elementor-section-height-default\" data-id=\"6e82d4e\" data-element_type=\"section\" data-e-type=\"section\">\n\t\t\t\t\t\t<div class=\"elementor-container elementor-column-gap-default\">\n\t\t\t\t\t<div class=\"elementor-column elementor-col-50 elementor-top-column elementor-element elementor-element-2f00fd1\" data-id=\"2f00fd1\" data-element_type=\"column\" data-e-type=\"column\">\n\t\t\t<div class=\"elementor-widget-wrap elementor-element-populated\">\n\t\t\t\t\t\t<section class=\"elementor-section elementor-inner-section elementor-element elementor-element-9612f33 elementor-section-boxed elementor-section-height-default elementor-section-height-default\" data-id=\"9612f33\" data-element_type=\"section\" data-e-type=\"section\" data-settings=\"{&quot;sticky&quot;:&quot;top&quot;,&quot;sticky_on&quot;:[&quot;desktop&quot;],&quot;sticky_parent&quot;:&quot;yes&quot;,&quot;sticky_offset&quot;:0,&quot;sticky_effects_offset&quot;:0,&quot;sticky_anchor_link_offset&quot;:0}\">\n\t\t\t\t\t\t<div class=\"elementor-container elementor-column-gap-default\">\n\t\t\t\t\t<div class=\"elementor-column elementor-col-100 elementor-inner-column elementor-element elementor-element-f813d89\" data-id=\"f813d89\" data-element_type=\"column\" data-e-type=\"column\" data-settings=\"{&quot;background_background&quot;:&quot;classic&quot;}\">\n\t\t\t<div class=\"elementor-widget-wrap elementor-element-populated\">\n\t\t\t\t\t\t<div class=\"elementor-element elementor-element-2812133 elementor-widget elementor-widget-heading\" data-id=\"2812133\" data-element_type=\"widget\" data-e-type=\"widget\" data-widget_type=\"heading.default\">\n\t\t\t\t<div class=\"elementor-widget-container\">\n\t\t\t\t\t<h2 class=\"elementor-heading-title elementor-size-default\">R\u00e9servez la date !<\/h2>\t\t\t\t<\/div>\n\t\t\t\t<\/div>\n\t\t\t\t<div class=\"elementor-element elementor-element-5d87a7d elementor-widget elementor-widget-text-editor\" data-id=\"5d87a7d\" data-element_type=\"widget\" data-e-type=\"widget\" data-widget_type=\"text-editor.default\">\n\t\t\t\t<div class=\"elementor-widget-container\">\n\t\t\t\t\t\t\t\t\t<p style=\"text-align: left;\">L&rsquo;\u00e9v\u00e9nement se d\u00e9roulera sur trois soir\u00e9es, du mercredi 15 f\u00e9vrier au 17 f\u00e9vrier 2023, de 18 h 30 \u00e0 20 h 30 environ.<\/p>\n<p>Nous organiserons des \u00ab\u00a0watch parties\u00a0\u00bb en direct dans diff\u00e9rents lieux. Notre derni\u00e8re soir\u00e9e de c\u00e9l\u00e9bration aura lieu au Black Jacks Roadhouse \u00e0 Nisku.<\/p>\n\t\t\t\t\t\t\t\t<\/div>\n\t\t\t\t<\/div>\n\t\t\t\t\t<\/div>\n\t\t<\/div>\n\t\t\t\t\t<\/div>\n\t\t<\/section>\n\t\t\t\t\t<\/div>\n\t\t<\/div>\n\t\t\t\t<div class=\"elementor-column elementor-col-50 elementor-top-column elementor-element elementor-element-cb16711\" data-id=\"cb16711\" data-element_type=\"column\" data-e-type=\"column\">\n\t\t\t<div class=\"elementor-widget-wrap elementor-element-populated\">\n\t\t\t\t\t\t<div class=\"elementor-element elementor-element-d40b7b3 elementor-widget elementor-widget-menu-anchor\" data-id=\"d40b7b3\" data-element_type=\"widget\" data-e-type=\"widget\" data-widget_type=\"menu-anchor.default\">\n\t\t\t\t<div class=\"elementor-widget-container\">\n\t\t\t\t\t\t\t<div class=\"elementor-menu-anchor\" id=\"formulairedemisejour\"><\/div>\n\t\t\t\t\t\t<\/div>\n\t\t\t\t<\/div>\n\t\t\t\t<div class=\"elementor-element elementor-element-7f3b7bd elementor-countdown--label-block elementor-widget elementor-widget-countdown\" data-id=\"7f3b7bd\" data-element_type=\"widget\" data-e-type=\"widget\" data-widget_type=\"countdown.default\">\n\t\t\t\t<div class=\"elementor-widget-container\">\n\t\t\t\t\t\t\t<div class=\"elementor-countdown-wrapper\" data-date=\"1676484000\">\n\t\t\t<div class=\"elementor-countdown-item\"><span class=\"elementor-countdown-digits elementor-countdown-days\"><\/span> <span class=\"elementor-countdown-label\">Jours<\/span><\/div><div class=\"elementor-countdown-item\"><span class=\"elementor-countdown-digits elementor-countdown-hours\"><\/span> <span class=\"elementor-countdown-label\">Heures<\/span><\/div><div class=\"elementor-countdown-item\"><span class=\"elementor-countdown-digits elementor-countdown-minutes\"><\/span> <span class=\"elementor-countdown-label\">Minutes<\/span><\/div><div class=\"elementor-countdown-item\"><span class=\"elementor-countdown-digits elementor-countdown-seconds\"><\/span> <span class=\"elementor-countdown-label\">Secondes<\/span><\/div>\t\t<\/div>\n\t\t\t\t\t\t<\/div>\n\t\t\t\t<\/div>\n\t\t\t\t<div class=\"elementor-element elementor-element-5e4bdbb elementor-widget elementor-widget-heading\" data-id=\"5e4bdbb\" data-element_type=\"widget\" data-e-type=\"widget\" data-widget_type=\"heading.default\">\n\t\t\t\t<div class=\"elementor-widget-container\">\n\t\t\t\t\t<h1 class=\"elementor-heading-title elementor-size-default\">Lettre d'amour aux hommes 2023\nUn sommet sur la sant\u00e9 mentale des hommes<\/h1>\t\t\t\t<\/div>\n\t\t\t\t<\/div>\n\t\t\t\t<div class=\"elementor-element elementor-element-3351fcd elementor-widget elementor-widget-text-editor\" data-id=\"3351fcd\" data-element_type=\"widget\" data-e-type=\"widget\" data-widget_type=\"text-editor.default\">\n\t\t\t\t<div class=\"elementor-widget-container\">\n\t\t\t\t\t\t\t\t\t<p dir=\"ltr\">L&rsquo;inscription \u00e0 la 2e \u00e9dition annuelle de la <strong>Lettre d&rsquo;amour aux hommes : Une c\u00e9l\u00e9bration des hommes et de la sant\u00e9 mentale<\/strong> est maintenant OUVERTE. Nous vous invitons \u00e0 nous rejoindre pour une conversation au cours des soir\u00e9es du 15 au 17 f\u00e9vrier 2023.  <\/p>\n<p dir=\"ltr\">Vous pouvez consulter notre <a href=\"https:\/\/lovelettertomen.com\/fr\/inscription\">page d&rsquo;inscription ici<\/a><span style=\"color: var( --e-global-color-text ); font-family: var( --e-global-typography-text-font-family ), Sans-serif; font-weight: var( --e-global-typography-text-font-weight ); font-size: 1rem;\">.<\/span><\/p>\n<p dir=\"ltr\">Sinc\u00e8rement,<br \/>Mike Cameron<br \/>H\u00f4te de la conf\u00e9rence  <\/p>\n\t\t\t\t\t\t\t\t<\/div>\n\t\t\t\t<\/div>\n\t\t\t\t<div class=\"elementor-element elementor-element-16c37a3 elementor-widget elementor-widget-menu-anchor\" data-id=\"16c37a3\" data-element_type=\"widget\" data-e-type=\"widget\" data-widget_type=\"menu-anchor.default\">\n\t\t\t\t<div class=\"elementor-widget-container\">\n\t\t\t\t\t\t\t<div class=\"elementor-menu-anchor\" id=\"communiqudepresse\"><\/div>\n\t\t\t\t\t\t<\/div>\n\t\t\t\t<\/div>\n\t\t\t\t\t<\/div>\n\t\t<\/div>\n\t\t\t\t\t<\/div>\n\t\t<\/section>\n\t\t\t\t<\/div>\n\t\t","protected":false},"excerpt":{"rendered":"<p>Un rassemblement d&rsquo;hommes dans toute leur diversit\u00e9 le 2e Forum annuel sur la sant\u00e9 mentale des hommes aura lieu les 15, 16 et 17 f\u00e9vrier. Vous n&rsquo;\u00eates pas seul Histoires de r\u00e9silience Une c\u00e9l\u00e9bration du bien-\u00eatre mental des hommes le premier forum virtuel sur la sant\u00e9 des hommes, du 15 au 17 f\u00e9vrier. Un rassemblement [&hellip;]<\/p>\n","protected":false},"author":1,"featured_media":2552,"parent":0,"menu_order":0,"comment_status":"closed","ping_status":"closed","template":"elementor_header_footer","meta":{"_exactmetrics_skip_tracking":false,"_exactmetrics_sitenote_active":false,"_exactmetrics_sitenote_note":"","_exactmetrics_sitenote_category":0,"footnotes":""},"class_list":["post-1908","page","type-page","status-publish","has-post-thumbnail","hentry"],"_links":{"self":[{"href":"https:\/\/lovelettertomen.com\/fr\/wp-json\/wp\/v2\/pages\/1908","targetHints":{"allow":["GET"]}}],"collection":[{"href":"https:\/\/lovelettertomen.com\/fr\/wp-json\/wp\/v2\/pages"}],"about":[{"href":"https:\/\/lovelettertomen.com\/fr\/wp-json\/wp\/v2\/types\/page"}],"author":[{"embeddable":true,"href":"https:\/\/lovelettertomen.com\/fr\/wp-json\/wp\/v2\/users\/1"}],"replies":[{"embeddable":true,"href":"https:\/\/lovelettertomen.com\/fr\/wp-json\/wp\/v2\/comments?post=1908"}],"version-history":[{"count":1,"href":"https:\/\/lovelettertomen.com\/fr\/wp-json\/wp\/v2\/pages\/1908\/revisions"}],"predecessor-version":[{"id":1921,"href":"https:\/\/lovelettertomen.com\/fr\/wp-json\/wp\/v2\/pages\/1908\/revisions\/1921"}],"wp:featuredmedia":[{"embeddable":true,"href":"https:\/\/lovelettertomen.com\/fr\/wp-json\/wp\/v2\/media\/2552"}],"wp:attachment":[{"href":"https:\/\/lovelettertomen.com\/fr\/wp-json\/wp\/v2\/media?parent=1908"}],"curies":[{"name":"wp","href":"https:\/\/api.w.org\/{rel}","templated":true}]}}