{"id":1905,"date":"2022-01-17T22:44:32","date_gmt":"2022-01-17T22:44:32","guid":{"rendered":"https:\/\/lovelettertomen.com\/un-mot-de-votre-hote"},"modified":"2023-01-26T18:21:15","modified_gmt":"2023-01-26T18:21:15","slug":"un-mot-de-votre-hote","status":"publish","type":"page","link":"https:\/\/lovelettertomen.com\/fr\/un-mot-de-votre-hote","title":{"rendered":"Un mot de votre h\u00f4te"},"content":{"rendered":"\t\t<div data-elementor-type=\"wp-page\" data-elementor-id=\"1905\" class=\"elementor elementor-1905 elementor-476\" data-elementor-post-type=\"page\">\n\t\t\t\t\t\t<section class=\"elementor-section elementor-top-section elementor-element elementor-element-7f3ad37e elementor-section-boxed elementor-section-height-default elementor-section-height-default\" data-id=\"7f3ad37e\" data-element_type=\"section\" data-e-type=\"section\">\n\t\t\t\t\t\t<div class=\"elementor-container elementor-column-gap-default\">\n\t\t\t\t\t<div class=\"elementor-column elementor-col-100 elementor-top-column elementor-element elementor-element-7c713012\" data-id=\"7c713012\" data-element_type=\"column\" data-e-type=\"column\">\n\t\t\t<div class=\"elementor-widget-wrap elementor-element-populated\">\n\t\t\t\t\t\t<section class=\"elementor-section elementor-inner-section elementor-element elementor-element-7e57b48 elementor-section-boxed elementor-section-height-default elementor-section-height-default\" data-id=\"7e57b48\" data-element_type=\"section\" data-e-type=\"section\">\n\t\t\t\t\t\t<div class=\"elementor-container elementor-column-gap-default\">\n\t\t\t\t\t<div class=\"elementor-column elementor-col-100 elementor-inner-column elementor-element elementor-element-41593ec\" data-id=\"41593ec\" data-element_type=\"column\" data-e-type=\"column\" data-settings=\"{&quot;background_background&quot;:&quot;classic&quot;}\">\n\t\t\t<div class=\"elementor-widget-wrap elementor-element-populated\">\n\t\t\t\t\t\t<div class=\"elementor-element elementor-element-0ed085d elementor-widget__width-auto elementor-widget elementor-widget-image\" data-id=\"0ed085d\" data-element_type=\"widget\" data-e-type=\"widget\" data-widget_type=\"image.default\">\n\t\t\t\t<div class=\"elementor-widget-container\">\n\t\t\t\t\t\t\t\t\t\t\t\t\t\t\t<img fetchpriority=\"high\" decoding=\"async\" width=\"300\" height=\"200\" src=\"https:\/\/lovelettertomen.com\/wp-content\/uploads\/2022\/01\/Csorba-Pic-300x200.jpg\" class=\"attachment-medium size-medium wp-image-1714\" alt=\"\" srcset=\"https:\/\/lovelettertomen.com\/wp-content\/uploads\/2022\/01\/Csorba-Pic-300x200.jpg 300w, https:\/\/lovelettertomen.com\/wp-content\/uploads\/2022\/01\/Csorba-Pic-1024x683.jpg 1024w, https:\/\/lovelettertomen.com\/wp-content\/uploads\/2022\/01\/Csorba-Pic-768x512.jpg 768w, https:\/\/lovelettertomen.com\/wp-content\/uploads\/2022\/01\/Csorba-Pic-1536x1025.jpg 1536w, https:\/\/lovelettertomen.com\/wp-content\/uploads\/2022\/01\/Csorba-Pic.jpg 1875w\" sizes=\"(max-width: 300px) 100vw, 300px\" \/>\t\t\t\t\t\t\t\t\t\t\t\t\t\t\t<\/div>\n\t\t\t\t<\/div>\n\t\t\t\t\t<\/div>\n\t\t<\/div>\n\t\t\t\t\t<\/div>\n\t\t<\/section>\n\t\t\t\t<div class=\"elementor-element elementor-element-7608904 elementor-widget elementor-widget-heading\" data-id=\"7608904\" data-element_type=\"widget\" data-e-type=\"widget\" data-widget_type=\"heading.default\">\n\t\t\t\t<div class=\"elementor-widget-container\">\n\t\t\t\t\t<h4 class=\"elementor-heading-title elementor-size-default\">Bienvenue !<\/h4>\t\t\t\t<\/div>\n\t\t\t\t<\/div>\n\t\t\t\t<div class=\"elementor-element elementor-element-2255851 elementor-widget elementor-widget-video\" data-id=\"2255851\" data-element_type=\"widget\" data-e-type=\"widget\" data-settings=\"{&quot;video_type&quot;:&quot;vimeo&quot;}\" data-widget_type=\"video.default\">\n\t\t\t\t<div class=\"elementor-widget-container\">\n\t\t\t\t\t\t\t<div class=\"elementor-wrapper elementor-open-inline\">\n\t\t\t<iframe class=\"elementor-video-iframe\" allowfullscreen allow=\"clipboard-write\" title=\"Lecteur vid\u00e9o vimeo\" src=\"https:\/\/player.vimeo.com\/video\/791543267?color&amp;autopause=0&amp;loop=0&amp;muted=0&amp;title=0&amp;portrait=0&amp;byline=0&amp;h=0724f3e625#t=\"><\/iframe>\t\t<\/div>\n\t\t\t\t\t\t<\/div>\n\t\t\t\t<\/div>\n\t\t\t\t<div class=\"elementor-element elementor-element-39aaa2c5 elementor-widget__width-auto elementor-widget elementor-widget-text-editor\" data-id=\"39aaa2c5\" data-element_type=\"widget\" data-e-type=\"widget\" data-widget_type=\"text-editor.default\">\n\t\t\t\t<div class=\"elementor-widget-container\">\n\t\t\t\t\t\t\t\t\t\n<p>Merci beaucoup pour votre int\u00e9r\u00eat \u00e0 soutenir la sant\u00e9 mentale des hommes. Je m&rsquo;appelle Mike Cameron et je suis tr\u00e8s honor\u00e9 d&rsquo;\u00eatre l&rsquo;h\u00f4te de la deuxi\u00e8me \u00e9dition annuelle du forum virtuel et en direct \u00ab\u00a0Love Letter to Men\u00a0\u00bb. Cet \u00e9v\u00e9nement est le fruit du travail de nombreux \u00eatres humains extraordinaires qui travaillent dans le domaine de la sant\u00e9 mentale des hommes ou qui d\u00e9fendent le bien-\u00eatre des hommes.<\/p>\n\n<p>Notre objectif est de rassembler une vari\u00e9t\u00e9 d&rsquo;informations tout en cr\u00e9ant un environnement permettant \u00e0 chacun d&rsquo;entre nous de partager ses histoires. Nous avons contact\u00e9 des experts dans ce domaine ainsi que des personnes ayant une exp\u00e9rience v\u00e9cue et d\u00e9sireuses de partager leur histoire et les le\u00e7ons qu&rsquo;elles ont apprises.<\/p>\n\n<p>Nous avons mis en place ce forum dans un laps de temps tr\u00e8s court, alors revenez souvent et consultez nos sessions car nous continuons \u00e0 diversifier le contenu. Nous vous serions reconnaissants de partager cet \u00e9v\u00e9nement avec vos amis, votre famille, vos coll\u00e8gues et tous vos fans des m\u00e9dias sociaux. Vous pouvez facilement partager l&rsquo;un de vos orateurs ou sessions pr\u00e9f\u00e9r\u00e9s en utilisant les ic\u00f4nes sociales sur chaque page. Les inscriptions sont <a href=\"https:\/\/lovelettertomen.com\/fr\/inscription\" data-type=\"page\" data-id=\"461\">maintenant ouvertes ici<\/a>.<\/p>\n\n<p>Si vous avez des questions, des pr\u00e9occupations ou si vous souhaitez apporter votre t\u00e9moignage ou votre expertise, faites-le nous savoir. Nous serions ravis de vous entendre.<\/p>\n\n<p>Beaucoup d&rsquo;amour,<br>Mike Cameron<\/p>\n\n<p> <\/p>\n\n<div class='fluentform ff-default fluentform_wrapper_5 ffs_modern_l_wrap'><form data-form_id=\"5\" id=\"fluentform_5\" class=\"frm-fluent-form fluent_form_5 ff-el-form-top ff_form_instance_5_1 ff-form-loading ffs_modern_l\" data-form_instance=\"ff_form_instance_5_1\" method=\"POST\" ><fieldset  style=\"border: none!important;margin: 0!important;padding: 0!important;background-color: transparent!important;box-shadow: none!important;outline: none!important; min-inline-size: 100%;\">\n                    <legend class=\"ff_screen_reader_title\" style=\"display: block; margin: 0!important;padding: 0!important;height: 0!important;text-indent: -999999px;width: 0!important;overflow:hidden;\">Feedback Form<\/legend><input type='hidden' name='__fluent_form_embded_post_id' value='1905' \/><input type=\"hidden\" id=\"_fluentform_5_fluentformnonce\" name=\"_fluentform_5_fluentformnonce\" value=\"49f3733e27\" \/><input type=\"hidden\" name=\"_wp_http_referer\" value=\"\/fr\/wp-json\/wp\/v2\/pages\/1905\" \/><div class='ff-el-group  ff-custom_html' tabindex='-1' data-name=\"custom_html-5_1\" ><p>If you have any feedback we would love to hear from you!<\/p><\/div><div data-type=\"name-element\" data-name=\"names\" class=\" ff-field_container ff-name-field-wrapper\" ><div class='ff-t-container'><div class='ff-t-cell '><div class='ff-el-group  ff-el-form-hide_label'><div class=\"ff-el-input--label asterisk-right\"><label for='ff_5_names_first_name_' id='label_ff_5_names_first_name_' >First Name<\/label><\/div><div class='ff-el-input--content'><input type=\"text\" name=\"names[first_name]\" id=\"ff_5_names_first_name_\" class=\"ff-el-form-control\" placeholder=\"First Name\" aria-invalid=\"false\" aria-required=false><\/div><\/div><\/div><div class='ff-t-cell '><div class='ff-el-group  ff-el-form-hide_label'><div class=\"ff-el-input--label asterisk-right\"><label for='ff_5_names_last_name_' id='label_ff_5_names_last_name_' >Last Name<\/label><\/div><div class='ff-el-input--content'><input type=\"text\" name=\"names[last_name]\" id=\"ff_5_names_last_name_\" class=\"ff-el-form-control\" placeholder=\"Last Name\" aria-invalid=\"false\" aria-required=false><\/div><\/div><\/div><\/div><\/div><div class='ff-el-group ff-el-form-hide_label'><div class=\"ff-el-input--label ff-el-is-required asterisk-right\"><label for='ff_5_email' id='label_ff_5_email' aria-label=\"Email\">Email<\/label><\/div><div class='ff-el-input--content'><input type=\"email\" name=\"email\" id=\"ff_5_email\" class=\"ff-el-form-control\" placeholder=\"Email Address\" data-name=\"email\"  aria-invalid=\"false\" aria-required=true><\/div><\/div><div class='ff-el-group ff-el-form-hide_label'><div class=\"ff-el-input--label asterisk-right\"><label for='ff_5_subject' id='label_ff_5_subject' aria-label=\"Subject\">Subject<\/label><\/div><div class='ff-el-input--content'><input type=\"text\" name=\"subject\" class=\"ff-el-form-control\" placeholder=\"Subject\" data-name=\"subject\" id=\"ff_5_subject\"  aria-invalid=\"false\" aria-required=false><\/div><\/div><div class='ff-el-group'><div class=\"ff-el-input--label ff-el-is-required asterisk-right\"><label for='ff_5_message' id='label_ff_5_message' aria-label=\"Your Message\">Your Message<\/label><\/div><div class='ff-el-input--content'><textarea aria-required=\"true\" aria-labelledby=\"label_ff_5_message\" name=\"message\" id=\"ff_5_message\" class=\"ff-el-form-control\" placeholder=\"Your Message\" rows=\"4\" cols=\"2\" data-name=\"message\" ><\/textarea><\/div><\/div><div class='ff-el-group ff-text-left ff_submit_btn_wrapper'><button type=\"submit\" class=\"ff-btn ff-btn-submit ff-btn-md ff_btn_style\"  aria-label=\"Submit Form\">Submit Form<\/button><\/div><\/fieldset><\/form><div id='fluentform_5_errors' class='ff-errors-in-stack ff_form_instance_5_1 ff-form-loading_errors ff_form_instance_5_1_errors'><\/div><\/div>            <script type=\"text\/javascript\">\n                window.fluent_form_ff_form_instance_5_1 = {\"id\":\"5\",\"ajaxUrl\":\"https:\\\/\\\/lovelettertomen.com\\\/wp-admin\\\/admin-ajax.php\",\"settings\":{\"layout\":{\"labelPlacement\":\"top\",\"helpMessagePlacement\":\"with_label\",\"errorMessagePlacement\":\"inline\",\"asteriskPlacement\":\"asterisk-right\"},\"id\":\"39\",\"restrictions\":{\"denyEmptySubmission\":{\"enabled\":false}}},\"form_instance\":\"ff_form_instance_5_1\",\"form_id_selector\":\"fluentform_5\",\"rules\":{\"names[first_name]\":{\"required\":{\"value\":false,\"message\":\"This field is required\"}},\"names[middle_name]\":{\"required\":{\"value\":false,\"message\":\"This field is required\"}},\"names[last_name]\":{\"required\":{\"value\":false,\"message\":\"This field is required\"}},\"email\":{\"required\":{\"value\":true,\"message\":\"This field is required\"},\"email\":{\"value\":true,\"message\":\"This field must contain a valid email\"}},\"subject\":{\"required\":{\"value\":false,\"message\":\"This field is required\"}},\"message\":{\"required\":{\"value\":true,\"message\":\"This field is required\"}}},\"debounce_time\":300};\n                            <\/script>\n            \n\t\t\t\t\t\t\t\t<\/div>\n\t\t\t\t<\/div>\n\t\t\t\t\t<\/div>\n\t\t<\/div>\n\t\t\t\t\t<\/div>\n\t\t<\/section>\n\t\t\t\t<\/div>\n\t\t","protected":false},"excerpt":{"rendered":"<p>Bienvenue ! Merci beaucoup pour votre int\u00e9r\u00eat \u00e0 soutenir la sant\u00e9 mentale des hommes. Je m&rsquo;appelle Mike Cameron et je suis tr\u00e8s honor\u00e9 d&rsquo;\u00eatre l&rsquo;h\u00f4te de la deuxi\u00e8me \u00e9dition annuelle du forum virtuel et en direct \u00ab\u00a0Love Letter to Men\u00a0\u00bb. Cet \u00e9v\u00e9nement est le fruit du travail de nombreux \u00eatres humains extraordinaires qui travaillent dans [&hellip;]<\/p>\n","protected":false},"author":1,"featured_media":1714,"parent":0,"menu_order":0,"comment_status":"closed","ping_status":"closed","template":"","meta":{"_exactmetrics_skip_tracking":false,"_exactmetrics_sitenote_active":false,"_exactmetrics_sitenote_note":"","_exactmetrics_sitenote_category":0,"footnotes":""},"class_list":["post-1905","page","type-page","status-publish","has-post-thumbnail","hentry"],"_links":{"self":[{"href":"https:\/\/lovelettertomen.com\/fr\/wp-json\/wp\/v2\/pages\/1905","targetHints":{"allow":["GET"]}}],"collection":[{"href":"https:\/\/lovelettertomen.com\/fr\/wp-json\/wp\/v2\/pages"}],"about":[{"href":"https:\/\/lovelettertomen.com\/fr\/wp-json\/wp\/v2\/types\/page"}],"author":[{"embeddable":true,"href":"https:\/\/lovelettertomen.com\/fr\/wp-json\/wp\/v2\/users\/1"}],"replies":[{"embeddable":true,"href":"https:\/\/lovelettertomen.com\/fr\/wp-json\/wp\/v2\/comments?post=1905"}],"version-history":[{"count":3,"href":"https:\/\/lovelettertomen.com\/fr\/wp-json\/wp\/v2\/pages\/1905\/revisions"}],"predecessor-version":[{"id":1924,"href":"https:\/\/lovelettertomen.com\/fr\/wp-json\/wp\/v2\/pages\/1905\/revisions\/1924"}],"wp:featuredmedia":[{"embeddable":true,"href":"https:\/\/lovelettertomen.com\/fr\/wp-json\/wp\/v2\/media\/1714"}],"wp:attachment":[{"href":"https:\/\/lovelettertomen.com\/fr\/wp-json\/wp\/v2\/media?parent=1905"}],"curies":[{"name":"wp","href":"https:\/\/api.w.org\/{rel}","templated":true}]}}