{"id":1902,"date":"2022-02-06T00:13:37","date_gmt":"2022-02-06T00:13:37","guid":{"rendered":"https:\/\/lovelettertomen.com\/telechargement-de-photos"},"modified":"2023-01-26T18:21:13","modified_gmt":"2023-01-26T18:21:13","slug":"telechargement-de-photos","status":"publish","type":"page","link":"https:\/\/lovelettertomen.com\/fr\/telechargement-de-photos","title":{"rendered":"T\u00e9l\u00e9chargement de photos"},"content":{"rendered":"\n<p>Veuillez partager des photos de vous ou d&rsquo;un homme important dans votre vie. Soit paysage, soit portrait. Nous avons eu de superbes clich\u00e9s d&rsquo;hommes faisant ce qu&rsquo;ils aiment avec les gens qu&rsquo;ils aiment.  <\/p>\n\n<p>Ces photos seront utilis\u00e9es dans un montage vid\u00e9o au cours de la conf\u00e9rence et pourront \u00eatre utilis\u00e9es pour de futures vid\u00e9os promotionnelles. N&rsquo;h\u00e9sitez pas \u00e0 en t\u00e9l\u00e9charger jusqu&rsquo;\u00e0 quatre !<\/p>\n<div class='fluentform ff-default fluentform_wrapper_7 ffs_default_wrap'><form data-form_id=\"7\" id=\"fluentform_7\" class=\"frm-fluent-form fluent_form_7 ff-el-form-top ff_form_instance_7_1 ff-form-loading ffs_default\" data-form_instance=\"ff_form_instance_7_1\" method=\"POST\" ><fieldset  style=\"border: none!important;margin: 0!important;padding: 0!important;background-color: transparent!important;box-shadow: none!important;outline: none!important; min-inline-size: 100%;\">\n                    <legend class=\"ff_screen_reader_title\" style=\"display: block; margin: 0!important;padding: 0!important;height: 0!important;text-indent: -999999px;width: 0!important;overflow:hidden;\">Photo Upload<\/legend><input type='hidden' name='__fluent_form_embded_post_id' value='1902' \/><input type=\"hidden\" id=\"_fluentform_7_fluentformnonce\" name=\"_fluentform_7_fluentformnonce\" value=\"238fdca0c1\" \/><input type=\"hidden\" name=\"_wp_http_referer\" value=\"\/fr\/wp-json\/wp\/v2\/pages\/1902\" \/><div data-type=\"name-element\" data-name=\"names\" class=\" ff-field_container ff-name-field-wrapper\" ><div class='ff-t-container'><div class='ff-t-cell '><div class='ff-el-group'><div class=\"ff-el-input--label ff-el-is-required asterisk-right\"><label for='ff_7_names_first_name_' id='label_ff_7_names_first_name_' >First Name<\/label><\/div><div class='ff-el-input--content'><input type=\"text\" name=\"names[first_name]\" id=\"ff_7_names_first_name_\" class=\"ff-el-form-control\" aria-invalid=\"false\" aria-required=true><\/div><\/div><\/div><div class='ff-t-cell '><div class='ff-el-group'><div class=\"ff-el-input--label asterisk-right\"><label for='ff_7_names_last_name_' id='label_ff_7_names_last_name_' >Last Name<\/label><\/div><div class='ff-el-input--content'><input type=\"text\" name=\"names[last_name]\" id=\"ff_7_names_last_name_\" class=\"ff-el-form-control\" aria-invalid=\"false\" aria-required=false><\/div><\/div><\/div><\/div><\/div><div class='ff-el-group'><div class=\"ff-el-input--label ff-el-is-required asterisk-right\"><label for='ff_7_email' id='label_ff_7_email' aria-label=\"Email\">Email<\/label><\/div><div class='ff-el-input--content'><input type=\"email\" name=\"email\" id=\"ff_7_email\" class=\"ff-el-form-control\" data-name=\"email\"  aria-invalid=\"false\" aria-required=true><\/div><\/div><div class='ff-el-group'><div class=\"ff-el-input--label asterisk-right\"><label for='ff_7_photo_1' id='label_ff_7_photo_1' aria-label=\"Upload Photo\">Upload Photo<\/label><\/div><div class='ff-el-input--content'><label for='ff_7_photo_1' class='ff_file_upload_holder'><span class='ff_upload_btn ff-btn' tabindex='0'>Choose File<\/span> <input type=\"file\" name=\"photo\" id=\"ff_7_photo_1\" class=\"ff-el-form-control  ff-screen-reader-element\" data-name=\"photo\" multiple=\"1\"  aria-invalid='false' aria-required=false><\/label><\/div><\/div><div class='ff-el-group'><div class='ff-el-input--content'><div class='ff-el-form-check ff-el-form-check-'><label class='ff-el-form-check-label' for='checkbox_734fa0eb989b4cf90bf7ce6d6f9e96ec'><input  type=\"checkbox\" name=\"checkbox[]\" data-name=\"checkbox\" class=\"ff-el-form-check-input ff-el-form-check-checkbox\" value=\"I verify that I have permission to share this photo and you may use it during the conference.\"  id='checkbox_734fa0eb989b4cf90bf7ce6d6f9e96ec' aria-label='I verify that I have permission to share this photo and you may use it during the conference.' aria-invalid='false' aria-required=true> <span>I verify that I have permission to share this photo and you may use it during the conference.<\/span><\/label><\/div><\/div><\/div><div class='ff-el-group'><div class=\"ff-el-input--label asterisk-right\"><label for='ff_7_description' id='label_ff_7_description' aria-label=\"Additional Comments (Story around this photo)\">Additional Comments (Story around this photo)<\/label><\/div><div class='ff-el-input--content'><textarea aria-required=\"false\" aria-labelledby=\"label_ff_7_description\" name=\"description\" id=\"ff_7_description\" class=\"ff-el-form-control\" rows=\"4\" cols=\"2\" data-name=\"description\" ><\/textarea><\/div><\/div><div class='ff-el-group ff-text-left ff_submit_btn_wrapper'><button type=\"submit\" class=\"ff-btn ff-btn-submit ff-btn-md ff_btn_style\"  aria-label=\"Submit Form\">Submit Form<\/button><\/div><\/fieldset><\/form><div id='fluentform_7_errors' class='ff-errors-in-stack ff_form_instance_7_1 ff-form-loading_errors ff_form_instance_7_1_errors'><\/div><\/div>            <script type=\"text\/javascript\">\n                window.fluent_form_ff_form_instance_7_1 = {\"id\":\"7\",\"settings\":{\"layout\":{\"labelPlacement\":\"top\",\"helpMessagePlacement\":\"with_label\",\"errorMessagePlacement\":\"inline\"},\"restrictions\":{\"denyEmptySubmission\":{\"enabled\":false}}},\"form_instance\":\"ff_form_instance_7_1\",\"form_id_selector\":\"fluentform_7\",\"rules\":{\"names[first_name]\":{\"required\":{\"value\":true,\"message\":\"This field is required\"}},\"names[middle_name]\":{\"required\":{\"value\":false,\"message\":\"This field is required\"}},\"names[last_name]\":{\"required\":{\"value\":false,\"message\":\"This field is required\"}},\"email\":{\"required\":{\"value\":true,\"message\":\"This field is required\"},\"email\":{\"value\":true,\"message\":\"This field must contain a valid email\"}},\"photo\":{\"required\":{\"value\":false,\"message\":\"This field is required\"},\"max_file_size\":{\"value\":8388608,\"_valueFrom\":\"MB\",\"message\":\"Maximum file size limit\"},\"max_file_count\":{\"value\":\"4\",\"message\":\"Max file count\"},\"allowed_file_types\":{\"value\":[\"jpg|jpeg|gif|png|bmp\"],\"message\":\"allowed_file_types\"}},\"checkbox\":{\"required\":{\"value\":true,\"message\":\"This field is required\"}},\"description\":{\"required\":{\"value\":false,\"message\":\"This field is required\"}}},\"debounce_time\":300};\n                            <\/script>\n            \n\n<p>Voici un \u00e9chantillon de 2022<\/p>\n\n<figure class=\"wp-block-embed is-type-video is-provider-vimeo wp-block-embed-vimeo wp-embed-aspect-16-9 wp-has-aspect-ratio\"><div class=\"wp-block-embed__wrapper\">\n<iframe title=\"Wednesday LLTM Intro\" src=\"https:\/\/player.vimeo.com\/video\/675647785?h=253542e06b&amp;dnt=1&amp;app_id=122963\" width=\"800\" height=\"450\" frameborder=\"0\" allow=\"autoplay; fullscreen; picture-in-picture\" allowfullscreen><\/iframe>\n<\/div><\/figure>\n","protected":false},"excerpt":{"rendered":"<p>Veuillez partager des photos de vous ou d&rsquo;un homme important dans votre vie. Soit paysage, soit portrait. Nous avons eu de superbes clich\u00e9s d&rsquo;hommes faisant ce qu&rsquo;ils aiment avec les gens qu&rsquo;ils aiment. Ces photos seront utilis\u00e9es dans un montage vid\u00e9o au cours de la conf\u00e9rence et pourront \u00eatre utilis\u00e9es pour de futures vid\u00e9os promotionnelles. [&hellip;]<\/p>\n","protected":false},"author":1,"featured_media":0,"parent":0,"menu_order":0,"comment_status":"closed","ping_status":"closed","template":"","meta":{"_exactmetrics_skip_tracking":false,"_exactmetrics_sitenote_active":false,"_exactmetrics_sitenote_note":"","_exactmetrics_sitenote_category":0,"footnotes":""},"class_list":["post-1902","page","type-page","status-publish","hentry"],"_links":{"self":[{"href":"https:\/\/lovelettertomen.com\/fr\/wp-json\/wp\/v2\/pages\/1902","targetHints":{"allow":["GET"]}}],"collection":[{"href":"https:\/\/lovelettertomen.com\/fr\/wp-json\/wp\/v2\/pages"}],"about":[{"href":"https:\/\/lovelettertomen.com\/fr\/wp-json\/wp\/v2\/types\/page"}],"author":[{"embeddable":true,"href":"https:\/\/lovelettertomen.com\/fr\/wp-json\/wp\/v2\/users\/1"}],"replies":[{"embeddable":true,"href":"https:\/\/lovelettertomen.com\/fr\/wp-json\/wp\/v2\/comments?post=1902"}],"version-history":[{"count":1,"href":"https:\/\/lovelettertomen.com\/fr\/wp-json\/wp\/v2\/pages\/1902\/revisions"}],"predecessor-version":[{"id":1907,"href":"https:\/\/lovelettertomen.com\/fr\/wp-json\/wp\/v2\/pages\/1902\/revisions\/1907"}],"wp:attachment":[{"href":"https:\/\/lovelettertomen.com\/fr\/wp-json\/wp\/v2\/media?parent=1902"}],"curies":[{"name":"wp","href":"https:\/\/api.w.org\/{rel}","templated":true}]}}