{"id":1899,"date":"2022-02-02T16:51:29","date_gmt":"2022-02-02T16:51:29","guid":{"rendered":"https:\/\/lovelettertomen.com\/quelle-est-votre-histoire"},"modified":"2023-01-26T18:21:13","modified_gmt":"2023-01-26T18:21:13","slug":"quelle-est-votre-histoire","status":"publish","type":"page","link":"https:\/\/lovelettertomen.com\/fr\/quelle-est-votre-histoire","title":{"rendered":"Quelle est votre histoire ?"},"content":{"rendered":"\n<figure class=\"wp-block-image size-large\"><img fetchpriority=\"high\" decoding=\"async\" width=\"2560\" height=\"1440\" src=\"https:\/\/lovelettertomen.com\/wp-content\/uploads\/2022\/02\/StockSnap_GBE6GQJMG9-edited-scaled.jpg\" alt=\"\" class=\"wp-image-986\" srcset=\"https:\/\/lovelettertomen.com\/wp-content\/uploads\/2022\/02\/StockSnap_GBE6GQJMG9-edited-scaled.jpg 2560w, https:\/\/lovelettertomen.com\/wp-content\/uploads\/2022\/02\/StockSnap_GBE6GQJMG9-edited-300x169.jpg 300w, https:\/\/lovelettertomen.com\/wp-content\/uploads\/2022\/02\/StockSnap_GBE6GQJMG9-edited-1024x576.jpg 1024w, https:\/\/lovelettertomen.com\/wp-content\/uploads\/2022\/02\/StockSnap_GBE6GQJMG9-edited-768x432.jpg 768w, https:\/\/lovelettertomen.com\/wp-content\/uploads\/2022\/02\/StockSnap_GBE6GQJMG9-edited-1536x864.jpg 1536w, https:\/\/lovelettertomen.com\/wp-content\/uploads\/2022\/02\/StockSnap_GBE6GQJMG9-edited-2048x1152.jpg 2048w\" sizes=\"(max-width: 2560px) 100vw, 2560px\" \/><\/figure>\n\n<p>Nous savons que la sant\u00e9 mentale est bien plus que de simples statistiques. C&rsquo;est personnel pour chacun d&rsquo;entre nous. Que vous soyez aux prises avec votre propre sant\u00e9 mentale, que vous souteniez quelqu&rsquo;un qui se batte ou que vous viviez avec les cons\u00e9quences d&rsquo;une personne qui se bat, nous voulons entendre votre histoire. Pourquoi la sant\u00e9 mentale des hommes est-elle importante pour vous ?<\/p>\n<div class='fluentform ff-default fluentform_wrapper_6 ffs_default_wrap'><form data-form_id=\"6\" id=\"fluentform_6\" class=\"frm-fluent-form fluent_form_6 ff-el-form-top ff_form_instance_6_1 ff-form-loading ffs_default\" data-form_instance=\"ff_form_instance_6_1\" method=\"POST\" ><fieldset  style=\"border: none!important;margin: 0!important;padding: 0!important;background-color: transparent!important;box-shadow: none!important;outline: none!important; min-inline-size: 100%;\">\n                    <legend class=\"ff_screen_reader_title\" style=\"display: block; margin: 0!important;padding: 0!important;height: 0!important;text-indent: -999999px;width: 0!important;overflow:hidden;\">What&#039;s Your Story<\/legend><input type='hidden' name='__fluent_form_embded_post_id' value='1899' \/><input type=\"hidden\" id=\"_fluentform_6_fluentformnonce\" name=\"_fluentform_6_fluentformnonce\" value=\"988969b7b2\" \/><input type=\"hidden\" name=\"_wp_http_referer\" value=\"\/fr\/wp-json\/wp\/v2\/pages\/1899\" \/><div data-type=\"name-element\" data-name=\"names\" class=\" ff-field_container ff-name-field-wrapper\" ><div class='ff-t-container'><div class='ff-t-cell '><div class='ff-el-group'><div class=\"ff-el-input--label asterisk-right\"><label for='ff_6_names_first_name_' id='label_ff_6_names_first_name_' >First Name (optional)<\/label><\/div><div class='ff-el-input--content'><input type=\"text\" name=\"names[first_name]\" id=\"ff_6_names_first_name_\" class=\"ff-el-form-control\" placeholder=\"First Name\" aria-invalid=\"false\" aria-required=false><\/div><\/div><\/div><div class='ff-t-cell '><div class='ff-el-group'><div class=\"ff-el-input--label asterisk-right\"><label for='ff_6_names_last_name_' id='label_ff_6_names_last_name_' >Last Name (optional)<\/label><\/div><div class='ff-el-input--content'><input type=\"text\" name=\"names[last_name]\" id=\"ff_6_names_last_name_\" class=\"ff-el-form-control\" placeholder=\"Last Name\" aria-invalid=\"false\" aria-required=false><\/div><\/div><\/div><\/div><\/div><div class='ff-el-group'><div class=\"ff-el-input--label ff-el-is-required asterisk-right\"><label for='ff_6_email' id='label_ff_6_email' aria-label=\"Email\">Email<\/label><\/div><div class='ff-el-input--content'><input type=\"email\" name=\"email\" id=\"ff_6_email\" class=\"ff-el-form-control\" placeholder=\"Email Address\" data-name=\"email\"  aria-invalid=\"false\" aria-required=true><\/div><\/div><div class='ff-el-group'><div class=\"ff-el-input--label asterisk-right\"><label   aria-label=\"You can share my story\">You can share my story<\/label><\/div><div class='ff-el-input--content'><div class='ff-el-form-check ff-el-form-check-'><label class='ff-el-form-check-label' for='checkbox_9ace4ca5b0067865526cd94c3465c833'><input  type=\"checkbox\" name=\"checkbox[]\" data-name=\"checkbox\" class=\"ff-el-form-check-input ff-el-form-check-checkbox\" value=\"Yes - with my name\"  id='checkbox_9ace4ca5b0067865526cd94c3465c833' aria-label='Yes - with my name' aria-invalid='false' aria-required=false> <span>Yes - with my name<\/span><\/label><\/div><div class='ff-el-form-check ff-el-form-check-'><label class='ff-el-form-check-label' for='checkbox_de10e8bc8a05a18f13d16763e65dc2df'><input  type=\"checkbox\" name=\"checkbox[]\" data-name=\"checkbox\" class=\"ff-el-form-check-input ff-el-form-check-checkbox\" value=\"Yes - anonymously\"  id='checkbox_de10e8bc8a05a18f13d16763e65dc2df' aria-label='Yes - anonymously' aria-invalid='false' aria-required=false> <span>Yes - anonymously<\/span><\/label><\/div><div class='ff-el-form-check ff-el-form-check-'><label class='ff-el-form-check-label' for='checkbox_2c5657f1c18be8ddfdab83fe8e92d3aa'><input  type=\"checkbox\" name=\"checkbox[]\" data-name=\"checkbox\" class=\"ff-el-form-check-input ff-el-form-check-checkbox\" value=\"No please keep it private\"  id='checkbox_2c5657f1c18be8ddfdab83fe8e92d3aa' aria-label='No please keep it private' aria-invalid='false' aria-required=false> <span>No please keep it private<\/span><\/label><\/div><\/div><\/div><div class='ff-el-group'><div class=\"ff-el-input--label asterisk-right\"><label for='ff_6_file-upload_1' id='label_ff_6_file-upload_1' aria-label=\"Share video or photos related to your story\">Share video or photos related to your story<\/label><\/div><div class='ff-el-input--content'><label for='ff_6_file-upload_1' class='ff_file_upload_holder'><span class='ff_upload_btn ff-btn' tabindex='0'>Choose File<\/span> <input type=\"file\" name=\"file-upload\" id=\"ff_6_file-upload_1\" class=\"ff-el-form-control  ff-screen-reader-element\" data-name=\"file-upload\" multiple=\"1\"  aria-invalid='false' aria-required=false><\/label><\/div><\/div><div class='ff-el-group'><div class=\"ff-el-input--label ff-el-is-required asterisk-right\"><label for='ff_6_message' id='label_ff_6_message' aria-label=\"What&#039;s your story?\">What's your story?<\/label><\/div><div class='ff-el-input--content'><textarea aria-required=\"true\" aria-labelledby=\"label_ff_6_message\" name=\"message\" id=\"ff_6_message\" class=\"ff-el-form-control\" placeholder=\"Share why you care about men&#039;s emotional fitness\" rows=\"4\" cols=\"2\" data-name=\"message\" ><\/textarea><\/div><\/div><div class='ff-el-group ff-text-center ff_submit_btn_wrapper'><button type=\"submit\" class=\"ff-btn ff-btn-submit ff-btn-md ff_btn_style\"  aria-label=\"Submit\">Submit<\/button><\/div><\/fieldset><\/form><div id='fluentform_6_errors' class='ff-errors-in-stack ff_form_instance_6_1 ff-form-loading_errors ff_form_instance_6_1_errors'><\/div><\/div>            <script type=\"text\/javascript\">\n                window.fluent_form_ff_form_instance_6_1 = {\"id\":\"6\",\"settings\":{\"layout\":{\"labelPlacement\":\"top\",\"helpMessagePlacement\":\"with_label\",\"errorMessagePlacement\":\"inline\",\"asteriskPlacement\":\"asterisk-right\"},\"id\":\"39\",\"restrictions\":{\"denyEmptySubmission\":{\"enabled\":false}}},\"form_instance\":\"ff_form_instance_6_1\",\"form_id_selector\":\"fluentform_6\",\"rules\":{\"names[first_name]\":{\"required\":{\"value\":false,\"message\":\"This field is required\"}},\"names[middle_name]\":{\"required\":{\"value\":false,\"message\":\"This field is required\"}},\"names[last_name]\":{\"required\":{\"value\":false,\"message\":\"This field is required\"}},\"email\":{\"required\":{\"value\":true,\"message\":\"This field is required\"},\"email\":{\"value\":true,\"message\":\"This field must contain a valid email\"}},\"checkbox\":{\"required\":{\"value\":false,\"message\":\"This field is required\"}},\"file-upload\":{\"required\":{\"value\":false,\"message\":\"This field is required\"},\"max_file_size\":{\"value\":1048576,\"_valueFrom\":\"MB\",\"message\":\"Maximum file size limit is 1MB\"},\"max_file_count\":{\"value\":1,\"message\":\"You can upload maximum 1 file\"},\"allowed_file_types\":{\"value\":[\"jpg|jpeg|gif|png|bmp\",\"avi|divx|flv|mov|ogv|mkv|mp4|m4v|divx|mpg|mpeg|mpe|video\\\/quicktime|qt\"],\"message\":\"Invalid file type\"}},\"message\":{\"required\":{\"value\":true,\"message\":\"This field is required\"}}},\"debounce_time\":300};\n                            <\/script>\n            \n","protected":false},"excerpt":{"rendered":"<p>Nous savons que la sant\u00e9 mentale est bien plus que de simples statistiques. C&rsquo;est personnel pour chacun d&rsquo;entre nous. Que vous soyez aux prises avec votre propre sant\u00e9 mentale, que vous souteniez quelqu&rsquo;un qui se batte ou que vous viviez avec les cons\u00e9quences d&rsquo;une personne qui se bat, nous voulons entendre votre histoire. Pourquoi la [&hellip;]<\/p>\n","protected":false},"author":1,"featured_media":1770,"parent":0,"menu_order":0,"comment_status":"closed","ping_status":"closed","template":"","meta":{"_exactmetrics_skip_tracking":false,"_exactmetrics_sitenote_active":false,"_exactmetrics_sitenote_note":"","_exactmetrics_sitenote_category":0,"footnotes":""},"class_list":["post-1899","page","type-page","status-publish","has-post-thumbnail","hentry"],"_links":{"self":[{"href":"https:\/\/lovelettertomen.com\/fr\/wp-json\/wp\/v2\/pages\/1899","targetHints":{"allow":["GET"]}}],"collection":[{"href":"https:\/\/lovelettertomen.com\/fr\/wp-json\/wp\/v2\/pages"}],"about":[{"href":"https:\/\/lovelettertomen.com\/fr\/wp-json\/wp\/v2\/types\/page"}],"author":[{"embeddable":true,"href":"https:\/\/lovelettertomen.com\/fr\/wp-json\/wp\/v2\/users\/1"}],"replies":[{"embeddable":true,"href":"https:\/\/lovelettertomen.com\/fr\/wp-json\/wp\/v2\/comments?post=1899"}],"version-history":[{"count":1,"href":"https:\/\/lovelettertomen.com\/fr\/wp-json\/wp\/v2\/pages\/1899\/revisions"}],"predecessor-version":[{"id":1906,"href":"https:\/\/lovelettertomen.com\/fr\/wp-json\/wp\/v2\/pages\/1899\/revisions\/1906"}],"wp:featuredmedia":[{"embeddable":true,"href":"https:\/\/lovelettertomen.com\/fr\/wp-json\/wp\/v2\/media\/1770"}],"wp:attachment":[{"href":"https:\/\/lovelettertomen.com\/fr\/wp-json\/wp\/v2\/media?parent=1899"}],"curies":[{"name":"wp","href":"https:\/\/api.w.org\/{rel}","templated":true}]}}