{"id":1898,"date":"2022-01-17T15:31:30","date_gmt":"2022-01-17T15:31:30","guid":{"rendered":"https:\/\/lovelettertomen.com\/inscription"},"modified":"2023-01-26T23:01:09","modified_gmt":"2023-01-26T23:01:09","slug":"inscription","status":"publish","type":"page","link":"https:\/\/lovelettertomen.com\/fr\/inscription","title":{"rendered":"Inscription"},"content":{"rendered":"\t\t<div data-elementor-type=\"wp-page\" data-elementor-id=\"1898\" class=\"elementor elementor-1898 elementor-461\" data-elementor-post-type=\"page\">\n\t\t\t\t\t\t<section class=\"elementor-section elementor-top-section elementor-element elementor-element-7021ae9f elementor-section-boxed elementor-section-height-default elementor-section-height-default\" data-id=\"7021ae9f\" data-element_type=\"section\" data-e-type=\"section\">\n\t\t\t\t\t\t<div class=\"elementor-container elementor-column-gap-default\">\n\t\t\t\t\t<div class=\"elementor-column elementor-col-100 elementor-top-column elementor-element elementor-element-3aebdf72\" data-id=\"3aebdf72\" data-element_type=\"column\" data-e-type=\"column\">\n\t\t\t<div class=\"elementor-widget-wrap elementor-element-populated\">\n\t\t\t\t\t\t<div class=\"elementor-element elementor-element-45933a14 elementor-widget elementor-widget-text-editor\" data-id=\"45933a14\" data-element_type=\"widget\" data-e-type=\"widget\" data-widget_type=\"text-editor.default\">\n\t\t\t\t<div class=\"elementor-widget-container\">\n\t\t\t\t\t\t\t\t\t\n<figure class=\"wp-block-embed is-type-video is-provider-vimeo wp-block-embed-vimeo wp-embed-aspect-16-9 wp-has-aspect-ratio\"><div class=\"wp-block-embed__wrapper\">\n<iframe title=\"Love Letter to Men\" src=\"https:\/\/player.vimeo.com\/video\/784845453?h=a5aa8438ae&amp;dnt=1&amp;app_id=122963\" width=\"800\" height=\"450\" frameborder=\"0\" allow=\"autoplay; fullscreen; picture-in-picture\" allowfullscreen><\/iframe>\n<\/div><\/figure>\n\n\n\n<div class='fluentform ff-default fluentform_wrapper_3 ffs_modern_l_wrap'><form data-form_id=\"3\" id=\"fluentform_3\" class=\"frm-fluent-form fluent_form_3 ff-el-form-top ff_form_instance_3_1 ff-form-loading ffs_modern_l\" data-form_instance=\"ff_form_instance_3_1\" method=\"POST\" ><fieldset  style=\"border: none!important;margin: 0!important;padding: 0!important;background-color: transparent!important;box-shadow: none!important;outline: none!important; min-inline-size: 100%;\">\n                    <legend class=\"ff_screen_reader_title\" style=\"display: block; margin: 0!important;padding: 0!important;height: 0!important;text-indent: -999999px;width: 0!important;overflow:hidden;\">Registration Form<\/legend><input type='hidden' name='__fluent_form_embded_post_id' value='1898' \/><input type=\"hidden\" id=\"_fluentform_3_fluentformnonce\" name=\"_fluentform_3_fluentformnonce\" value=\"e880f9466c\" \/><input type=\"hidden\" name=\"_wp_http_referer\" value=\"\/fr\/wp-json\/wp\/v2\/pages\/1898\" \/><div class='ff-el-group  ff-custom_html' tabindex='-1' data-name=\"custom_html-3_1\" ><p>We&rsquo;re excited to be hosting this FREE unique virtual event February 15-17, 2023. Our intent is to celebrate men and men&rsquo;s mental health. You will be able to choose your sessions after you have registered.<\/p>\n<h3 style=\"text-align: center\">Registration is now open.<\/h3>\n<div>Whether you provide support to men in your work, are a man that takes an interest in your own well being, or someone who wants to support the man you love we hope you will consider joining us.<\/div>\n<div>\u00a0<\/div>\n<div>Please use the form below to register for the conference. Details on live venues as well as how to access our virtual platform will follow.\u00a0<\/div><\/div><input type=\"hidden\" name=\"hidden\" value=\"true\" data-name=\"hidden\" ><div data-type=\"name-element\" data-name=\"names\" class=\" ff-field_container ff-name-field-wrapper\" ><div class='ff-t-container'><div class='ff-t-cell '><div class='ff-el-group'><div class=\"ff-el-input--label asterisk-right\"><label for='ff_3_names_first_name_' id='label_ff_3_names_first_name_' >First Name<\/label><\/div><div class='ff-el-input--content'><input type=\"text\" name=\"names[first_name]\" id=\"ff_3_names_first_name_\" class=\"ff-el-form-control\" placeholder=\"First Name\" aria-invalid=\"false\" aria-required=false><\/div><\/div><\/div><div class='ff-t-cell '><div class='ff-el-group'><div class=\"ff-el-input--label asterisk-right\"><label for='ff_3_names_last_name_' id='label_ff_3_names_last_name_' >Last Name<\/label><\/div><div class='ff-el-input--content'><input type=\"text\" name=\"names[last_name]\" id=\"ff_3_names_last_name_\" class=\"ff-el-form-control\" placeholder=\"Last Name\" aria-invalid=\"false\" aria-required=false><\/div><\/div><\/div><\/div><\/div><div class='ff-el-group'><div class=\"ff-el-input--label ff-el-is-required asterisk-right\"><label for='ff_3_email' id='label_ff_3_email' aria-label=\"Email\">Email<\/label><\/div><div class='ff-el-input--content'><input type=\"email\" name=\"email\" id=\"ff_3_email\" class=\"ff-el-form-control\" placeholder=\"Email Address\" data-name=\"email\"  aria-invalid=\"false\" aria-required=true><\/div><\/div><div class='ff-el-group'><div class=\"ff-el-input--label asterisk-right\"><label for='ff_3_organization' id='label_ff_3_organization' aria-label=\"Organization\">Organization<\/label><\/div><div class='ff-el-input--content'><input type=\"text\" name=\"organization\" class=\"ff-el-form-control\" placeholder=\"Organization\" data-name=\"organization\" id=\"ff_3_organization\"  aria-invalid=\"false\" aria-required=false><\/div><\/div><div class=\"ff-name-address-wrapper fluent-address\" data-type=\"address-element\" data-name=\"Province\" ><div class='ff-el-input--label'><label aria-label=\"Where are you from?\">Where are you from?<\/label><\/div><div class='ff-el-input--content'><div class='ff-t-container'><div class='ff-t-cell'><div class='ff-el-group'><div class=\"ff-el-input--label ff-el-is-required asterisk-right\"><label for='ff_3_Province_city_' id='label_ff_3_Province_city_' aria-label=\"City\">City<\/label><\/div><div class='ff-el-input--content'><input type=\"text\" name=\"Province[city]\" id=\"ff_3_Province_city_\" class=\"ff-el-form-control\" placeholder=\"City\" data-key_name=\"city\"  aria-invalid=\"false\" aria-required=true><\/div><\/div><\/div><div class='ff-t-cell'><div class='ff-el-group'><div class=\"ff-el-input--label ff-el-is-required asterisk-right\"><label for='ff_3_Province_state_' id='label_ff_3_Province_state_' aria-label=\"Province\/State\">Province\/State<\/label><\/div><div class='ff-el-input--content'><input type=\"text\" name=\"Province[state]\" id=\"ff_3_Province_state_\" class=\"ff-el-form-control\" placeholder=\"Province\" data-key_name=\"state\"  aria-invalid=\"false\" aria-required=true><\/div><\/div><\/div><\/div><\/div><\/div><div data-name=\"ff_cn_id_1\"  class='ff-t-container ff-column-container ff_columns_total_1 '><div class='ff-t-cell ff-t-column-1' style='flex-basis: 100%;'><\/div><\/div><div class='ff-el-group'><div class=\"ff-el-input--label asterisk-right\"><label   aria-label=\"Would you attend a live venue?\">Would you attend a live venue?<\/label><\/div><div class='ff-el-input--content'><div class='ff-el-form-check ff-el-form-check-'><label class='ff-el-form-check-label' for='input_radio_1_8bd5db4bb66b89bfac623fc959a21330'><input  type=\"radio\" name=\"input_radio_1\" data-name=\"input_radio_1\" class=\"ff-el-form-check-input ff-el-form-check-radio\" value=\"Yes, I would attend live all of the evenings\"  id='input_radio_1_8bd5db4bb66b89bfac623fc959a21330' aria-label='Yes, I would attend live all of the evenings' aria-invalid='false' aria-required=false> <span>Yes, I would attend live all of the evenings<\/span><\/label><\/div><div class='ff-el-form-check ff-el-form-check-'><label class='ff-el-form-check-label' for='input_radio_1_9411a48f3eeb057159816761b1a2517c'><input  type=\"radio\" name=\"input_radio_1\" data-name=\"input_radio_1\" class=\"ff-el-form-check-input ff-el-form-check-radio\" value=\"Yes, I would attend live some of the evenings\"  id='input_radio_1_9411a48f3eeb057159816761b1a2517c' aria-label='Yes, I would attend live some of the evenings' aria-invalid='false' aria-required=false> <span>Yes, I would attend live some of the evenings<\/span><\/label><\/div><div class='ff-el-form-check ff-el-form-check-'><label class='ff-el-form-check-label' for='input_radio_1_1e796755647e237dc46263bdd2621820'><input  type=\"radio\" name=\"input_radio_1\" data-name=\"input_radio_1\" class=\"ff-el-form-check-input ff-el-form-check-radio\" value=\"I would prefer to attend virtually\"  id='input_radio_1_1e796755647e237dc46263bdd2621820' aria-label='I would prefer to attend virtually' aria-invalid='false' aria-required=false> <span>I would prefer to attend virtually<\/span><\/label><\/div><\/div><\/div><div class='ff-el-group'><div class=\"ff-el-input--label asterisk-right\"><label for='ff_3_phone' id='label_ff_3_phone' aria-label=\"Phone\/Mobile\">Phone\/Mobile<\/label><\/div><div class='ff-el-input--content'><input name=\"phone\" class=\"ff-el-form-control ff-el-phone ff_el_with_extended_validation\" type=\"tel\" placeholder=\"Mobile Number\" data-name=\"phone\" id=\"ff_3_phone\" inputmode=\"tel\"  aria-invalid='false' aria-required=false><\/div><\/div><div class='ff-el-group'><div class=\"ff-el-input--label asterisk-right\"><label for='ff_3_message' id='label_ff_3_message' aria-label=\"Message to organizers(optional)\">Message to organizers(optional)<\/label><\/div><div class='ff-el-input--content'><textarea aria-required=\"false\" aria-labelledby=\"label_ff_3_message\" name=\"message\" id=\"ff_3_message\" class=\"ff-el-form-control\" placeholder=\"Your Message\" rows=\"4\" cols=\"2\" data-name=\"message\" ><\/textarea><\/div><\/div><div data-name=\"ff_cn_id_2\"  class='ff-t-container ff-column-container ff_columns_total_1 '><div class='ff-t-cell ff-t-column-1' style='flex-basis: 100%;'><div class='ff-el-group  ff-custom_html' tabindex='-1' data-name=\"custom_html-3_2\" ><p><strong>Live Venue Options<\/strong><\/p>\n<p>If you plan to attend one of our live events please indicate below. You may be required to register with each venue directly. We will update you on details as we go. Come back regularly to see venues as they are added<\/p><\/div><div class='ff-el-group'><div class=\"ff-el-input--label asterisk-right\"><label   aria-label=\"Wednesday February 15, 2023\">Wednesday February 15, 2023<\/label><\/div><div class='ff-el-input--content'><div class='ff-el-form-check ff-el-form-check-'><label class='ff-el-form-check-label' for='wednesday_live_6f3e19d1852a02495ca8aa0d3f5d65a4'><input  type=\"radio\" name=\"wednesday_live\" data-name=\"wednesday_live\" class=\"ff-el-form-check-input ff-el-form-check-radio\" value=\"Stony Plain, AB - Mr. Mikes, 78 Boulder Blvd\"  id='wednesday_live_6f3e19d1852a02495ca8aa0d3f5d65a4' aria-label='Stony Plain, AB - Mr. Mikes, 78 Boulder Blvd' aria-invalid='false' aria-required=false> <span>Stony Plain, AB &#8211; Mr. Mikes, 78 Boulder Blvd<\/span><\/label><\/div><div class='ff-el-form-check ff-el-form-check-'><label class='ff-el-form-check-label' for='wednesday_live_289b5a5428e4b7cffbec5a1dfd035582'><input  type=\"radio\" name=\"wednesday_live\" data-name=\"wednesday_live\" class=\"ff-el-form-check-input ff-el-form-check-radio\" value=\"Fort McMurray - TBD\"  id='wednesday_live_289b5a5428e4b7cffbec5a1dfd035582' aria-label='Fort McMurray - TBD' aria-invalid='false' aria-required=false> <span>Fort McMurray &#8211; TBD<\/span><\/label><\/div><\/div><\/div><div class='ff-el-group'><div class=\"ff-el-input--label asterisk-right\"><label   aria-label=\"Thursday February 16, 2023\">Thursday February 16, 2023<\/label><\/div><div class='ff-el-input--content'><div class='ff-el-form-check ff-el-form-check-'><label class='ff-el-form-check-label' for='Thursday_live_9e442c99ee5c37476bfad39f50d719e3'><input  type=\"radio\" name=\"Thursday_live\" data-name=\"Thursday_live\" class=\"ff-el-form-check-input ff-el-form-check-radio\" value=\"Fort McMurray - TBD\"  id='Thursday_live_9e442c99ee5c37476bfad39f50d719e3' aria-label='Fort McMurray - TBD' aria-invalid='false' aria-required=false> <span>Fort McMurray &#8211; TBD<\/span><\/label><\/div><\/div><\/div><div class='ff-el-group'><div class=\"ff-el-input--label asterisk-right\"><label   aria-label=\"Friday February 17, 2023\">Friday February 17, 2023<\/label><\/div><div class='ff-el-input--content'><div class='ff-el-form-check ff-el-form-check-'><label class='ff-el-form-check-label' for='Friday_live_3411bdb2858cdba2f077aceaa19680b8'><input  type=\"radio\" name=\"Friday_live\" data-name=\"Friday_live\" class=\"ff-el-form-check-input ff-el-form-check-radio\" value=\"Main Wrap Up Party - Blackjacks Roadhouse, Nisku, AB\"  id='Friday_live_3411bdb2858cdba2f077aceaa19680b8' aria-label='Main Wrap Up Party - Blackjacks Roadhouse, Nisku, AB' aria-invalid='false' aria-required=false> <span>Main Wrap Up Party &#8211; Blackjacks Roadhouse, Nisku, AB<\/span><\/label><\/div><div class='ff-el-form-check ff-el-form-check-'><label class='ff-el-form-check-label' for='Friday_live_2e7e8b0b7f900c79202c7cf53f9dbb91'><input  type=\"radio\" name=\"Friday_live\" data-name=\"Friday_live\" class=\"ff-el-form-check-input ff-el-form-check-radio\" value=\"Fort McMurray - TBD\"  id='Friday_live_2e7e8b0b7f900c79202c7cf53f9dbb91' aria-label='Fort McMurray - TBD' aria-invalid='false' aria-required=false> <span>Fort McMurray &#8211; TBD<\/span><\/label><\/div><\/div><\/div><\/div><\/div><div class='ff-el-group ff-text-center ff_submit_btn_wrapper'><button type=\"submit\" class=\"ff-btn ff-btn-submit ff-btn-md ff_btn_style\"  aria-label=\"Register Now!\">Register Now!<\/button><\/div><\/fieldset><\/form><div id='fluentform_3_errors' class='ff-errors-in-stack ff_form_instance_3_1 ff-form-loading_errors ff_form_instance_3_1_errors'><\/div><\/div>            <script type=\"text\/javascript\">\n                window.fluent_form_ff_form_instance_3_1 = {\"id\":\"3\",\"ajaxUrl\":\"https:\\\/\\\/lovelettertomen.com\\\/wp-admin\\\/admin-ajax.php\",\"settings\":{\"layout\":{\"labelPlacement\":\"top\",\"helpMessagePlacement\":\"with_label\",\"errorMessagePlacement\":\"inline\",\"asteriskPlacement\":\"asterisk-right\"},\"id\":\"39\",\"restrictions\":{\"denyEmptySubmission\":{\"enabled\":false}}},\"form_instance\":\"ff_form_instance_3_1\",\"form_id_selector\":\"fluentform_3\",\"rules\":{\"names[first_name]\":{\"required\":{\"value\":false,\"message\":\"This field is required\"}},\"names[middle_name]\":{\"required\":{\"value\":false,\"message\":\"This field is required\"}},\"names[last_name]\":{\"required\":{\"value\":false,\"message\":\"This field is required\"}},\"email\":{\"required\":{\"value\":true,\"message\":\"This field is required\"},\"email\":{\"value\":true,\"message\":\"This field must contain a valid email\"}},\"organization\":{\"required\":{\"value\":false,\"message\":\"This field is required\"}},\"Province[address_line_1]\":{\"required\":{\"value\":false,\"message\":\"This field is required\"}},\"Province[address_line_2]\":{\"required\":{\"value\":false,\"message\":\"This field is required\"}},\"Province[city]\":{\"required\":{\"value\":true,\"message\":\"This field is required\"}},\"Province[state]\":{\"required\":{\"value\":true,\"message\":\"This field is required\"}},\"Province[zip]\":{\"required\":{\"value\":false,\"message\":\"This field is required\"}},\"Province[country]\":{\"required\":{\"value\":false,\"message\":\"This field is required\"}},\"input_radio_1\":{\"required\":{\"value\":false,\"message\":\"This field is required\"}},\"phone\":{\"required\":{\"value\":false,\"message\":\"This field is required\"},\"valid_phone_number\":{\"value\":true,\"message\":\"Phone number is not valid\"}},\"message\":{\"required\":{\"value\":false,\"message\":\"This field is required\"}},\"wednesday_live\":{\"required\":{\"value\":false,\"message\":\"This field is required\"}},\"Thursday_live\":{\"required\":{\"value\":false,\"message\":\"This field is required\"}},\"Friday_live\":{\"required\":{\"value\":false,\"message\":\"This field is required\"}}},\"debounce_time\":300};\n                            <\/script>\n            \n\n\n\n<p><\/p>\n\t\t\t\t\t\t\t\t<\/div>\n\t\t\t\t<\/div>\n\t\t\t\t\t<\/div>\n\t\t<\/div>\n\t\t\t\t\t<\/div>\n\t\t<\/section>\n\t\t\t\t<section class=\"elementor-section elementor-top-section elementor-element elementor-element-f2eaad6 elementor-section-boxed elementor-section-height-default elementor-section-height-default\" data-id=\"f2eaad6\" data-element_type=\"section\" data-e-type=\"section\">\n\t\t\t\t\t\t<div class=\"elementor-container elementor-column-gap-default\">\n\t\t\t\t\t<div class=\"elementor-column elementor-col-100 elementor-top-column elementor-element elementor-element-9233c44\" data-id=\"9233c44\" data-element_type=\"column\" data-e-type=\"column\">\n\t\t\t<div class=\"elementor-widget-wrap elementor-element-populated\">\n\t\t\t\t\t\t<div class=\"elementor-element elementor-element-f8ced4d elementor-widget elementor-widget-heading\" data-id=\"f8ced4d\" data-element_type=\"widget\" data-e-type=\"widget\" data-widget_type=\"heading.default\">\n\t\t\t\t<div class=\"elementor-widget-container\">\n\t\t\t\t\t<h2 class=\"elementor-heading-title elementor-size-default\">Enregistrements externes de Watch Party<\/h2>\t\t\t\t<\/div>\n\t\t\t\t<\/div>\n\t\t\t\t<div class=\"elementor-element elementor-element-eabe160 elementor-widget elementor-widget-text-editor\" data-id=\"eabe160\" data-element_type=\"widget\" data-e-type=\"widget\" data-widget_type=\"text-editor.default\">\n\t\t\t\t<div class=\"elementor-widget-container\">\n\t\t\t\t\t\t\t\t\t<p>Certains de nos partenaires communautaires exigent une inscription pour leurs \u00e9v\u00e9nements. Veuillez suivre le lien ci-dessous pour vous inscrire directement \u00e0 un \u00e9v\u00e9nement communautaire. Veuillez \u00e9galement vous inscrire ici afin que nous puissions vous tenir au courant de l&rsquo;actualit\u00e9 de nos intervenants.<\/p>\n\t\t\t\t\t\t\t\t<\/div>\n\t\t\t\t<\/div>\n\t\t\t\t<div class=\"elementor-element elementor-element-73a01ea elementor-widget elementor-widget-heading\" data-id=\"73a01ea\" data-element_type=\"widget\" data-e-type=\"widget\" data-widget_type=\"heading.default\">\n\t\t\t\t<div class=\"elementor-widget-container\">\n\t\t\t\t\t<h4 class=\"elementor-heading-title elementor-size-default\">Mercredi 15 f\u00e9vrier 2023<\/h4>\t\t\t\t<\/div>\n\t\t\t\t<\/div>\n\t\t\t\t<div class=\"elementor-element elementor-element-afb0da2 elementor-widget elementor-widget-text-editor\" data-id=\"afb0da2\" data-element_type=\"widget\" data-e-type=\"widget\" data-widget_type=\"text-editor.default\">\n\t\t\t\t<div class=\"elementor-widget-container\">\n\t\t\t\t\t\t\t\t\t<p>Stony Plain, AB &#8211; <a href=\"https:\/\/www.eventbrite.com\/e\/love-letter-to-men-a-celebration-of-men-and-mental-wellness-tickets-506659210337\" target=\"_blank\" rel=\"noopener\">Cliquez ici pour vous inscrire<\/a><\/p>\n\t\t\t\t\t\t\t\t<\/div>\n\t\t\t\t<\/div>\n\t\t\t\t<div class=\"elementor-element elementor-element-b5b0db7 elementor-widget elementor-widget-heading\" data-id=\"b5b0db7\" data-element_type=\"widget\" data-e-type=\"widget\" data-widget_type=\"heading.default\">\n\t\t\t\t<div class=\"elementor-widget-container\">\n\t\t\t\t\t<h4 class=\"elementor-heading-title elementor-size-default\">Jeudi 16 f\u00e9vrier 2023<\/h4>\t\t\t\t<\/div>\n\t\t\t\t<\/div>\n\t\t\t\t<div class=\"elementor-element elementor-element-8fa9d66 elementor-widget elementor-widget-text-editor\" data-id=\"8fa9d66\" data-element_type=\"widget\" data-e-type=\"widget\" data-widget_type=\"text-editor.default\">\n\t\t\t\t<div class=\"elementor-widget-container\">\n\t\t\t\t\t\t\t\t\t<p>\u00e0 suivre&#8230;<\/p>\n\t\t\t\t\t\t\t\t<\/div>\n\t\t\t\t<\/div>\n\t\t\t\t<div class=\"elementor-element elementor-element-51802e2 elementor-widget elementor-widget-heading\" data-id=\"51802e2\" data-element_type=\"widget\" data-e-type=\"widget\" data-widget_type=\"heading.default\">\n\t\t\t\t<div class=\"elementor-widget-container\">\n\t\t\t\t\t<h4 class=\"elementor-heading-title elementor-size-default\">Vendredi 17 f\u00e9vrier 2023<\/h4>\t\t\t\t<\/div>\n\t\t\t\t<\/div>\n\t\t\t\t<div class=\"elementor-element elementor-element-605e0b3 elementor-widget elementor-widget-text-editor\" data-id=\"605e0b3\" data-element_type=\"widget\" data-e-type=\"widget\" data-widget_type=\"text-editor.default\">\n\t\t\t\t<div class=\"elementor-widget-container\">\n\t\t\t\t\t\t\t\t\t<p>\u00e0 suivre&#8230;<\/p>\n\t\t\t\t\t\t\t\t<\/div>\n\t\t\t\t<\/div>\n\t\t\t\t\t<\/div>\n\t\t<\/div>\n\t\t\t\t\t<\/div>\n\t\t<\/section>\n\t\t\t\t<\/div>\n\t\t","protected":false},"excerpt":{"rendered":"<p>Enregistrements externes de Watch Party Certains de nos partenaires communautaires exigent une inscription pour leurs \u00e9v\u00e9nements. Veuillez suivre le lien ci-dessous pour vous inscrire directement \u00e0 un \u00e9v\u00e9nement communautaire. Veuillez \u00e9galement vous inscrire ici afin que nous puissions vous tenir au courant de l&rsquo;actualit\u00e9 de nos intervenants. Mercredi 15 f\u00e9vrier 2023 Stony Plain, AB &#8211; [&hellip;]<\/p>\n","protected":false},"author":1,"featured_media":2247,"parent":0,"menu_order":0,"comment_status":"closed","ping_status":"closed","template":"","meta":{"_exactmetrics_skip_tracking":false,"_exactmetrics_sitenote_active":false,"_exactmetrics_sitenote_note":"","_exactmetrics_sitenote_category":0,"footnotes":""},"class_list":["post-1898","page","type-page","status-publish","has-post-thumbnail","hentry"],"_links":{"self":[{"href":"https:\/\/lovelettertomen.com\/fr\/wp-json\/wp\/v2\/pages\/1898","targetHints":{"allow":["GET"]}}],"collection":[{"href":"https:\/\/lovelettertomen.com\/fr\/wp-json\/wp\/v2\/pages"}],"about":[{"href":"https:\/\/lovelettertomen.com\/fr\/wp-json\/wp\/v2\/types\/page"}],"author":[{"embeddable":true,"href":"https:\/\/lovelettertomen.com\/fr\/wp-json\/wp\/v2\/users\/1"}],"replies":[{"embeddable":true,"href":"https:\/\/lovelettertomen.com\/fr\/wp-json\/wp\/v2\/comments?post=1898"}],"version-history":[{"count":7,"href":"https:\/\/lovelettertomen.com\/fr\/wp-json\/wp\/v2\/pages\/1898\/revisions"}],"predecessor-version":[{"id":2033,"href":"https:\/\/lovelettertomen.com\/fr\/wp-json\/wp\/v2\/pages\/1898\/revisions\/2033"}],"wp:featuredmedia":[{"embeddable":true,"href":"https:\/\/lovelettertomen.com\/fr\/wp-json\/wp\/v2\/media\/2247"}],"wp:attachment":[{"href":"https:\/\/lovelettertomen.com\/fr\/wp-json\/wp\/v2\/media?parent=1898"}],"curies":[{"name":"wp","href":"https:\/\/api.w.org\/{rel}","templated":true}]}}